{"id":45,"date":"2023-04-03T20:56:23","date_gmt":"2023-04-03T18:56:23","guid":{"rendered":"https:\/\/istitutobuenosaires.esteri.it\/?page_id=45"},"modified":"2023-09-08T13:42:28","modified_gmt":"2023-09-08T10:42:28","slug":"studiare-in-italia","status":"publish","type":"page","link":"https:\/\/iichelsinki.esteri.it\/it\/lingua-e-cultura\/studiare-in-italia\/","title":{"rendered":"Studiare in Italia"},"content":{"rendered":"<p><strong>UNIVERSIT\u00c0<\/strong><\/p>\n<p>Informazioni generali sull&#8217;organizzazione e sulle attivit\u00e0 delle universit\u00e0 italiane sono disponibili sul sito del <a href=\"https:\/\/www.miur.gov.it\/web\/guest\/universita\">Ministero dell&#8217;Istruzione e del Merito<\/a> e sul sito di <a href=\"https:\/\/www.universitaly.it\/\">Universitaly<\/a>.<\/p>\n<p>&nbsp;<\/p>\n<p><strong>Elenchi delle universit\u00e0 italiane<\/strong><\/p>\n<p><a href=\"https:\/\/www.miur.gov.it\/web\/guest\/istituzioni-universitarie-accreditate\">Ministero dell&#8217;Istruzione e del Merito<\/a><\/p>\n<p><a href=\"https:\/\/www.crui.it\/atenei-e-rettori-crui\/atenei-per-regione.html\">CRUI<\/a> (Conferenza dei Rettori delle Universit\u00e0 Italiane)<\/p>\n<p>&nbsp;<\/p>\n<p><strong>Iscrizione degli studenti stranieri<\/strong><\/p>\n<p><a href=\"https:\/\/www.miur.gov.it\/web\/guest\/universita\">Informazioni generali<\/a> per gli studenti stranieri interessati a studiare nelle universit\u00e0 italiane<\/p>\n<p>&nbsp;<\/p>\n<p><strong>SCUOLE<\/strong><\/p>\n<p><a href=\"https:\/\/www.miur.gov.it\/web\/guest\/scuola\">Informazioni generali<\/a> sul sistema scolastico italiano<\/p>\n<p>&nbsp;<\/p>\n<p><strong>ALTA FORMAZIONE ARTISTICA E MUSICALE<\/strong><\/p>\n<p><a href=\"http:\/\/www.miur.it\/0004Alta_F\/0027Istitu\/index_cf4.htm\">Elenco<\/a> delle accademie d&#8217;arte e musicali, dei conservatori e degli istituti<\/p>\n<p>&nbsp;<\/p>\n<p><strong>INSEGNAMENTO DELL&#8217;ITALIANO COME LINGUA STRANIERA<\/strong><\/p>\n<p>Progetto <a href=\"https:\/\/www.itals.it\/\">ITALS<\/a> &#8211; Dipartimento di Linguistica dell&#8217;Universit\u00e0 di Ca&#8217; Foscari, Venezia<\/p>\n<p><a href=\"https:\/\/ditals.unistrasi.it\/home.asp\">DITALS<\/a> &#8211; Certificazione dei titoli di insegnamento della lingua italiana per stranieri &#8211; Universit\u00e0 per Stranieri, Siena<\/p>\n<p><a href=\"https:\/\/www.unistrapg.it\/it\/studiare-in-un-ateneo-internazionale\/corsi-di-laurea-e-laurea-magistrale\/italiano-per-l-insegnamento-a-stranieri-itas\">ITAS<\/a> &#8211; laurea magistrale per l&#8217;insegnamento della lingua e cultura italiana a stranieri &#8211; Universit\u00e0 per Stranieri, Perugia<\/p>\n<p>&nbsp;<\/p>\n","protected":false},"excerpt":{"rendered":"UNIVERSIT\u00c0 Informazioni generali sull&#8217;organizzazione e sulle attivit\u00e0 delle universit\u00e0 italiane sono disponibili sul sito del Ministero dell&#8217;Istruzione e del Merito e sul sito di Universitaly. &nbsp; Elenchi delle universit\u00e0 italiane Ministero dell&#8217;Istruzione e del Merito CRUI (Conferenza dei Rettori delle Universit\u00e0 Italiane) &nbsp; Iscrizione degli studenti stranieri Informazioni generali per gli studenti stranieri interessati a [&hellip;]","protected":false},"author":1,"featured_media":0,"parent":16,"menu_order":8,"comment_status":"closed","ping_status":"closed","template":"","meta":{"footnotes":""},"class_list":["post-45","page","type-page","status-publish","hentry"],"_links":{"self":[{"href":"https:\/\/iichelsinki.esteri.it\/it\/wp-json\/wp\/v2\/pages\/45","targetHints":{"allow":["GET"]}}],"collection":[{"href":"https:\/\/iichelsinki.esteri.it\/it\/wp-json\/wp\/v2\/pages"}],"about":[{"href":"https:\/\/iichelsinki.esteri.it\/it\/wp-json\/wp\/v2\/types\/page"}],"author":[{"embeddable":true,"href":"https:\/\/iichelsinki.esteri.it\/it\/wp-json\/wp\/v2\/users\/1"}],"replies":[{"embeddable":true,"href":"https:\/\/iichelsinki.esteri.it\/it\/wp-json\/wp\/v2\/comments?post=45"}],"version-history":[{"count":5,"href":"https:\/\/iichelsinki.esteri.it\/it\/wp-json\/wp\/v2\/pages\/45\/revisions"}],"predecessor-version":[{"id":256,"href":"https:\/\/iichelsinki.esteri.it\/it\/wp-json\/wp\/v2\/pages\/45\/revisions\/256"}],"up":[{"embeddable":true,"href":"https:\/\/iichelsinki.esteri.it\/it\/wp-json\/wp\/v2\/pages\/16"}],"wp:attachment":[{"href":"https:\/\/iichelsinki.esteri.it\/it\/wp-json\/wp\/v2\/media?parent=45"}],"curies":[{"name":"wp","href":"https:\/\/api.w.org\/{rel}","templated":true}]}}