{"id":43,"date":"2023-04-03T20:55:55","date_gmt":"2023-04-03T18:55:55","guid":{"rendered":"https:\/\/istitutobuenosaires.esteri.it\/?page_id=43"},"modified":"2023-09-13T16:05:50","modified_gmt":"2023-09-13T13:05:50","slug":"borse-di-studio","status":"publish","type":"page","link":"https:\/\/iichelsinki.esteri.it\/it\/lingua-e-cultura\/borse-di-studio\/","title":{"rendered":"Borse di studio"},"content":{"rendered":"<p>L\u2019Istituto mette a disposizione\u00a0 borse di studio\u00a0per coloro che sono interessati\u00a0\u00a0ad arricchire e completare l&#8217;apprendimento della lingua in Italia.<\/p>\n<p><span class=\"titoloNotizia\"><strong>Condizioni generali<\/strong><\/span><\/p>\n<p>Alcune scuole di lingua italiane mettono a disposizione borse di studio per i propri corsi. L&#8217;entit\u00e0 della borsa varia parecchio da facilitazioni parziali a quelle che prevedono accesso gratuito ai corsi. Gli interessati sono pregati di rivolgersi alla Segreteria dell&#8217;Istituto\u00a0 (segreteria.iichelsinki(at)esteri.it)\u00a0 per richiedere ulteriori informazioni.<\/p>\n<p><strong><span class=\"titoloNotizia\">Spese di viaggio e di soggiorno<\/span><\/strong><\/p>\n<p>Le spese di viaggio e soggiorno sono a carico degli assegnatari, che verranno assistiti in loco per trovare alloggio adeguato dalle stesse universit\u00e0,\u00a0scuole, accademie e centri che offrono la borsa.<\/p>\n<p><span class=\"titoloNotizia\"><strong>Comunicazioni con i centri in Italia<\/strong><\/span><\/p>\n<p>Tutte le comunicazioni e i rapporti si svolgeranno esclusivamente tra lo studente assegnatario della borsa ed il centro che la offre, senza l&#8217;intermediazione dell&#8217;Istituto.<\/p>\n<p><span class=\"titoloNotizia\"><strong>Come e quando fare domanda<\/strong><\/span><\/p>\n<p>Gli\u00a0interessati possono fare domanda all&#8217;Istituto di Cultura di Helsinki\u00a0 entro e non oltre 60 giorni dalla data di inizio del corso che desiderano frequentare in Italia.<\/p>\n<p><strong><span class=\"titoloNotizia\">Criteri e tempi di assegnazione<\/span><\/strong><\/p>\n<p>La probabilit\u00e0 di ottenere una borsa \u00e8 alta. Avranno prorit\u00e0 gli studenti dei corsi dell&#8217;Istituto e coloro che non hanno beneficiato di una borsa nell&#8217;anno precedente.<br \/>\n<strong><span class=\"titoloNotizia\"><br \/>\n<\/span><\/strong>Lo studente ricever\u00e0, dopo circa 15 giorni, informazioni sull\u2019esito positivo o negativo della sua domanda.<\/p>\n<p><strong><span class=\"titoloNotizia\">Avvertenze<\/span><\/strong><\/p>\n<p>L\u2019Istituto Italiano di Cultura non si assume alcuna responsabilit\u00e0 in merito alla qualit\u00e0 dei corsi e dei servizi offerti dal centro presso cui gli studenti usufruiranno della borsa loro assegnata.<\/p>\n<p>L&#8217;Istituto chiede agli assegnatari della borsa di\u00a0comunicare i risultati\u00a0dell&#8217;esperienza\u00a0avuta in Italia, valutando gli aspetti didattici ed organizzativi del centro presso cui hanno usufruito della borsa di studio.<\/p>\n","protected":false},"excerpt":{"rendered":"L\u2019Istituto mette a disposizione\u00a0 borse di studio\u00a0per coloro che sono interessati\u00a0\u00a0ad arricchire e completare l&#8217;apprendimento della lingua in Italia. Condizioni generali Alcune scuole di lingua italiane mettono a disposizione borse di studio per i propri corsi. L&#8217;entit\u00e0 della borsa varia parecchio da facilitazioni parziali a quelle che prevedono accesso gratuito ai corsi. Gli interessati sono [&hellip;]","protected":false},"author":1,"featured_media":0,"parent":16,"menu_order":2,"comment_status":"closed","ping_status":"closed","template":"","meta":{"footnotes":""},"class_list":["post-43","page","type-page","status-publish","hentry"],"_links":{"self":[{"href":"https:\/\/iichelsinki.esteri.it\/it\/wp-json\/wp\/v2\/pages\/43","targetHints":{"allow":["GET"]}}],"collection":[{"href":"https:\/\/iichelsinki.esteri.it\/it\/wp-json\/wp\/v2\/pages"}],"about":[{"href":"https:\/\/iichelsinki.esteri.it\/it\/wp-json\/wp\/v2\/types\/page"}],"author":[{"embeddable":true,"href":"https:\/\/iichelsinki.esteri.it\/it\/wp-json\/wp\/v2\/users\/1"}],"replies":[{"embeddable":true,"href":"https:\/\/iichelsinki.esteri.it\/it\/wp-json\/wp\/v2\/comments?post=43"}],"version-history":[{"count":4,"href":"https:\/\/iichelsinki.esteri.it\/it\/wp-json\/wp\/v2\/pages\/43\/revisions"}],"predecessor-version":[{"id":354,"href":"https:\/\/iichelsinki.esteri.it\/it\/wp-json\/wp\/v2\/pages\/43\/revisions\/354"}],"up":[{"embeddable":true,"href":"https:\/\/iichelsinki.esteri.it\/it\/wp-json\/wp\/v2\/pages\/16"}],"wp:attachment":[{"href":"https:\/\/iichelsinki.esteri.it\/it\/wp-json\/wp\/v2\/media?parent=43"}],"curies":[{"name":"wp","href":"https:\/\/api.w.org\/{rel}","templated":true}]}}