{"id":41,"date":"2023-04-03T20:55:21","date_gmt":"2023-04-03T18:55:21","guid":{"rendered":"https:\/\/istitutobuenosaires.esteri.it\/?page_id=41"},"modified":"2024-02-14T13:29:28","modified_gmt":"2024-02-14T11:29:28","slug":"contatti","status":"publish","type":"page","link":"https:\/\/iichelsinki.esteri.it\/it\/chi-siamo\/contatti\/","title":{"rendered":"Contatti"},"content":{"rendered":"<p><strong>Istituto Italiano di Cultura Helsinki<\/strong><\/p>\n<p>Corsi:<br \/>\nUllankatu 3 A 2, 00140 Helsinki<\/p>\n<p>Ufficio:<br \/>\nVuorimiehenkatu 11 B 10, 00140 Helsinki<\/p>\n<p><a href=\"mailto:iichelsinki@esteri.it\">iichelsinki@esteri.it<\/a><br \/>\ntel.: +358-(0)9-6811 330<\/p>\n<p>PEC (posta certificata):\u00a0<a href=\"mailto:iic.helsinki@cert.esteri.it\">iic.helsinki@cert.esteri.it<\/a><\/p>\n<p>Orario segreteria:<\/p>\n<p>Luned\u00ec &#8211; venerd\u00ec: 10.00 &#8211; 16.00<\/p>\n<p>L&#8217;Istituto \u00e8 chiuso il sabato e la domenica.<\/p>\n<p>L&#8217;accesso all&#8217;Istituto da parte di eventuali ospiti esterni \u00e8 consentito solo su appuntamento previa richiesta e via e-mail a\u00a0<a href=\"mailto:segr.iichelsinki@esteri.it\">segr.iichelsinki@esteri.it<\/a><\/p>\n<p>Proposte culturali:<\/p>\n<p>L\u2019Istituto \u00e8 lieto di ricevere proposte culturali, corredate da una breve presentazione ed eventuali allegati, che possono essere inviate per e-mail all\u2019indirizzo:\u00a0<strong><a class=\"\" href=\"mailto:iiczurigo@esteri.it\" data-focus-mouse=\"false\">eventi.iichelsinki@esteri.it<\/a><\/strong>. Si ringrazia in anticipo per gli interessanti progetti che vorrete inviare e che verranno raccolti e analizzati scrupolosamente. Sarete ricontattati per gli opportuni approfondimenti nel caso in cui la proposta possa considerarsi funzionale alla programmazione in atto. Una mancata risposta entro 15 giorni equivale all\u2019impossibilit\u00e0, al momento, di considerare il progetto.<\/p>\n<p>L&#8217;IIC osserva le seguenti festivit\u00e0: Capodanno (1 gennaio), Epifania (6 gennaio), Venerd\u00ec santo, Luned\u00ec dell&#8217;Angelo, Festa della Liberazione (25 aprile), Festa del Lavoro (1 maggio), Festa della Repubblica (2 giugno), Festa dell\u2019Indipendenza della Finlandia (6 dicembre), Vigilia di Natale (24 dicembre), Natale (25 dicembre) e Santo Stefano (26 dicembre).<\/p>\n","protected":false},"excerpt":{"rendered":"Istituto Italiano di Cultura Helsinki Corsi: Ullankatu 3 A 2, 00140 Helsinki Ufficio: Vuorimiehenkatu 11 B 10, 00140 Helsinki iichelsinki@esteri.it tel.: +358-(0)9-6811 330 PEC (posta certificata):\u00a0iic.helsinki@cert.esteri.it Orario segreteria: Luned\u00ec &#8211; venerd\u00ec: 10.00 &#8211; 16.00 L&#8217;Istituto \u00e8 chiuso il sabato e la domenica. L&#8217;accesso all&#8217;Istituto da parte di eventuali ospiti esterni \u00e8 consentito solo su appuntamento [&hellip;]","protected":false},"author":1,"featured_media":0,"parent":15,"menu_order":4,"comment_status":"closed","ping_status":"closed","template":"","meta":{"footnotes":""},"class_list":["post-41","page","type-page","status-publish","hentry"],"_links":{"self":[{"href":"https:\/\/iichelsinki.esteri.it\/it\/wp-json\/wp\/v2\/pages\/41","targetHints":{"allow":["GET"]}}],"collection":[{"href":"https:\/\/iichelsinki.esteri.it\/it\/wp-json\/wp\/v2\/pages"}],"about":[{"href":"https:\/\/iichelsinki.esteri.it\/it\/wp-json\/wp\/v2\/types\/page"}],"author":[{"embeddable":true,"href":"https:\/\/iichelsinki.esteri.it\/it\/wp-json\/wp\/v2\/users\/1"}],"replies":[{"embeddable":true,"href":"https:\/\/iichelsinki.esteri.it\/it\/wp-json\/wp\/v2\/comments?post=41"}],"version-history":[{"count":7,"href":"https:\/\/iichelsinki.esteri.it\/it\/wp-json\/wp\/v2\/pages\/41\/revisions"}],"predecessor-version":[{"id":2669,"href":"https:\/\/iichelsinki.esteri.it\/it\/wp-json\/wp\/v2\/pages\/41\/revisions\/2669"}],"up":[{"embeddable":true,"href":"https:\/\/iichelsinki.esteri.it\/it\/wp-json\/wp\/v2\/pages\/15"}],"wp:attachment":[{"href":"https:\/\/iichelsinki.esteri.it\/it\/wp-json\/wp\/v2\/media?parent=41"}],"curies":[{"name":"wp","href":"https:\/\/api.w.org\/{rel}","templated":true}]}}