{"id":17,"date":"2023-04-03T20:31:30","date_gmt":"2023-04-03T18:31:30","guid":{"rendered":"https:\/\/istitutobuenosaires.esteri.it\/?page_id=17"},"modified":"2023-08-07T09:23:07","modified_gmt":"2023-08-07T07:23:07","slug":"gli_eventi","status":"publish","type":"page","link":"https:\/\/iichelsinki.esteri.it\/it\/gli_eventi\/","title":{"rendered":"Eventi"},"content":{"rendered":"        <div class=\"row\">\n\t\t\t<!-- Ricerca sedi post -->\n\t\t\t<div class=\"col-12 mt-4\">\n\t\t\t  <div class=\"callout callout-highlight note ricerca-esteri p-4\">\n                    <div class=\"callout-title\">\n                        <svg class=\"icon\">\n                            <use xlink:href=\"https:\/\/iichelsinki.esteri.it\/wp-content\/themes\/sedi-tema\/assets\/svg\/sprites.svg#it-search\"><\/use>\n                        <\/svg>Inserisci i parametri di ricerca                    <\/div>\n                    <form id=\"searchFormPost\" name=\"form-search-post\" class=\"form-row align-items-center\" action=\"https:\/\/iichelsinki.esteri.it\/it\/wp-json\/wp\/v2\/pages\/17\/\" method=\"GET\"> \n                        <!-- <div class=\"form-group pt-5\"> -->\n                            <!-- <input type=\"hidden\" id=\"lang\" name=\"lang\" value=\"\"> --> <!-- <\/div> -->\n\n                        <div class=\"it-datepicker-wrapper\">\n                            <div class=\"row\">\n                                <div class=\"form-group col-md-6\">\n                                    <label class=\"active\" for=\"date-init\">Dal<\/label>\n                                    <input class=\"form-control\" name=\"date-init\" id=\"date-init\" type=\"date\" placeholder=\"gg\/mm\/aaaa\" value=\"\"lang=\"en-EN\">  \n                                <\/div>\n                                <div class=\"form-group col-md-6\">\n                                    <label class=\"active\" for=\"date-end\">Al<\/label>\n                                    <input class=\"form-control\" name=\"date-end\" id=\"date-end\" type=\"date\" placeholder=\"gg\/mm\/aaaa\" value=\"\">\n                                <\/div>\n                            <\/div>\n                        <\/div>\n                        <div class=\"form-group col-md-12 mt-3\">\n                            <label for=\"searchText\">Campo ricerca libera<\/label>\n                            <input type=\"text\" name=\"searchText\" class=\"form-control\" id=\"searchText\" value=\"\">\n                        <\/div>\n                        <div class=\"form-group col-md-4 offset-md-8 text-end\">\n                            <a href=\"https:\/\/iichelsinki.esteri.it\/it\/gli_eventi\/\" title=\"Form reset\" id=\"resetImput\" class=\"btn btn-outline-primary btn-xs\">Reset<\/a>\n                            <button type=\"submit\" class=\"btn btn-primary btn-xs\">Mostra risultati<\/button>\n                        <\/div>\n                    <\/form>\n\t\t\t\t<\/div>\n\t\t\t<\/div>\n\t\t<\/div>\n                    \n            <div class=\"row\">\n                            <div class=\"col-12 mt-3\">\n                <!--start card-->\n                <div class=\"card-wrapper card-space\">\n                    <div class=\"card card-bg card-big border-bottom-card\">\n                        <div class=\"card-body row\">\n                                                    <div class=\"col-sm-3\">\n                                <div class=\"img-responsive\">\n                                    <figure class=\"img-wrapper\">\n                                        <a href=\"https:\/\/iichelsinki.esteri.it\/it\/gli_eventi\/calendario\/listante-infinito-lia-pasqualino-ritratti\/\" title=\"Leggi l'articolo: L\u2019istante infinito. Lia Pasqualino. Ritratti\">\n                                                                                            <img loading=\"lazy\" decoding=\"async\" width=\"300\" height=\"212\" src=\"https:\/\/iichelsinki.esteri.it\/wp-content\/uploads\/2026\/04\/ITA-poster-300x212.jpg\" srcset=\"https:\/\/iichelsinki.esteri.it\/wp-content\/uploads\/2026\/04\/ITA-poster.jpg 1920w, https:\/\/iichelsinki.esteri.it\/wp-content\/uploads\/2026\/04\/ITA-poster-300x212.jpg 300w, https:\/\/iichelsinki.esteri.it\/wp-content\/uploads\/2026\/04\/ITA-poster-1024x724.jpg 1024w, https:\/\/iichelsinki.esteri.it\/wp-content\/uploads\/2026\/04\/ITA-poster-768x543.jpg 768w\" sizes=\"auto, (max-width: 1920px) 100vw, 1920px\"  title=\"ITA poster\" alt=\"\" class=\"img-fluid\">\n                                                                                    <\/a>\n                                    <\/figure>\n                                <\/div>\n                            <\/div>\n                            <div class=\"col-sm-9\">\n                                                            <div class=\"category-top\">\n                                    <span class=\"fw-bold text-success\">In corso<\/span>                                                                        <span class=\"data\">\n                                        <svg class=\"icon icon-secondary\">\n                                            <use xlink:href=\"https:\/\/iichelsinki.esteri.it\/wp-content\/themes\/sedi-tema\/assets\/svg\/sprites.svg#it-calendar\"><\/use>\n                                        <\/svg> Mar 28 Apr 2026<svg class=\"icon icon-xs icon-secondary me-1 ms-1\"><use href=\"https:\/\/iichelsinki.esteri.it\/wp-content\/themes\/sedi-tema\/assets\/svg\/sprites.svg#it-arrow-right\"><\/use><\/svg>Sab 30 Mag 2026                                    <\/span>\n                                                                    <\/div>\n                            <h5 class=\"card-title big-heading text-uppercase\"><a class=\"text-body text-decoration-none\" href=\"https:\/\/iichelsinki.esteri.it\/it\/gli_eventi\/calendario\/listante-infinito-lia-pasqualino-ritratti\/\" title=\"L\u2019istante infinito. Lia Pasqualino. Ritratti\">L\u2019istante infinito. Lia Pasqualino. Ritratti<\/a><\/h5>\n                            <p class=\"card-text\">L\u2019Istituto Italiano di Cultura di Helsinki presenta, dal 28 aprile 2026 al 30 maggio 2026, presso Musiikkitalo la mostra\u00a0L\u2019istante infinito. Lia Pasqualino. Ritratti, un\u2019ampia retrospettiva dedicata all\u2019opera di una fotografa\u00a0engag\u00e9e, allieva di Letizia Battaglia, che ha fatto del ritratto un modo singolare per esplorare l\u2019umanit\u00e0. Il ritratto come rivelazione L\u2019opera di Lia Pasqualino, di ascendenza [&hellip;]<\/p>\n                                <a title=\"L\u2019istante infinito. Lia Pasqualino. Ritratti\" class=\"read-more\" href=\"https:\/\/iichelsinki.esteri.it\/it\/gli_eventi\/calendario\/listante-infinito-lia-pasqualino-ritratti\/\">\n                                    <span class=\"text\">Leggi di pi\u00f9<\/span>\n                                    <svg class=\"icon\">\n                                    <use xlink:href=\"https:\/\/iichelsinki.esteri.it\/wp-content\/themes\/sedi-tema\/assets\/svg\/sprites.svg#it-arrow-right\"><\/use>\n                                    <\/svg>\n                                <\/a>\n                                                        <\/div>\n                                                    <\/div>\n                    <\/div>\n                <\/div>\n                <!--end card-->\n                <\/div><!-- col-12 .mt-3-->\n                            <div class=\"col-12 mt-3\">\n                <!--start card-->\n                <div class=\"card-wrapper card-space\">\n                    <div class=\"card card-bg card-big border-bottom-card\">\n                        <div class=\"card-body row\">\n                                                    <div class=\"col-sm-3\">\n                                <div class=\"img-responsive\">\n                                    <figure class=\"img-wrapper\">\n                                        <a href=\"https:\/\/iichelsinki.esteri.it\/it\/gli_eventi\/calendario\/la-splendida-star-mondiale-dellopera-il-soprano-americano-lisette-oropesa-si-esibira-al-musiikkitalo\/\" title=\"Leggi l'articolo: Il celebre soprano americano Lisette Oropesa insieme al pianista italiano Alessandro Pratic\u00f2 in concerto al Musiikkitalo\">\n                                                                                            <img loading=\"lazy\" decoding=\"async\" width=\"300\" height=\"169\" src=\"https:\/\/iichelsinki.esteri.it\/wp-content\/uploads\/2026\/05\/202408-02-portrait-lisette-oropesa-web-300x169.jpg\" srcset=\"https:\/\/iichelsinki.esteri.it\/wp-content\/uploads\/2026\/05\/202408-02-portrait-lisette-oropesa-web.jpg 1914w, https:\/\/iichelsinki.esteri.it\/wp-content\/uploads\/2026\/05\/202408-02-portrait-lisette-oropesa-web-300x169.jpg 300w, https:\/\/iichelsinki.esteri.it\/wp-content\/uploads\/2026\/05\/202408-02-portrait-lisette-oropesa-web-1024x576.jpg 1024w, https:\/\/iichelsinki.esteri.it\/wp-content\/uploads\/2026\/05\/202408-02-portrait-lisette-oropesa-web-768x432.jpg 768w\" sizes=\"auto, (max-width: 1914px) 100vw, 1914px\"  title=\"202408-02-portrait-lisette-oropesa-web\" alt=\"\" class=\"img-fluid\">\n                                                                                    <\/a>\n                                    <\/figure>\n                                <\/div>\n                            <\/div>\n                            <div class=\"col-sm-9\">\n                                                            <div class=\"category-top\">\n                                    <span class=\"fw-bold \"><\/span>                                                                        <span class=\"\">\n                                        <svg class=\"icon icon-secondary\">\n                                            <use xlink:href=\"https:\/\/iichelsinki.esteri.it\/wp-content\/themes\/sedi-tema\/assets\/svg\/sprites.svg#it-calendar\"><\/use>\n                                        <\/svg> Dom 24 Mag 2026<svg class=\"icon icon-xs icon-secondary me-1 ms-1\"><use href=\"https:\/\/iichelsinki.esteri.it\/wp-content\/themes\/sedi-tema\/assets\/svg\/sprites.svg#it-arrow-right\"><\/use><\/svg>Dom 24 Mag 2026                                    <\/span>\n                                                                    <\/div>\n                            <h5 class=\"card-title big-heading text-uppercase\"><a class=\"text-body text-decoration-none\" href=\"https:\/\/iichelsinki.esteri.it\/it\/gli_eventi\/calendario\/la-splendida-star-mondiale-dellopera-il-soprano-americano-lisette-oropesa-si-esibira-al-musiikkitalo\/\" title=\"Il celebre soprano americano Lisette Oropesa insieme al pianista italiano Alessandro Pratic\u00f2 in concerto al Musiikkitalo\">Il celebre soprano americano Lisette Oropesa insieme al pianista italiano Alessandro Pratic\u00f2 in concerto al Musiikkitalo<\/a><\/h5>\n                            <p class=\"card-text\">Domenica 24 maggio 2026 alle ore 18, presso Musiikkitalo, il celebre soprano americano Lisette Oropesa e il pianista italiano Alessandro Pratic\u00f2 accompagneranno il pubblico in un affascinante viaggio musicale attraverso le emozioni del bel canto e dell\u2019opera romantica italiana. Il programma celebra la straordinaria ricchezza espressiva, l\u2019eleganza vocale e le infinite sfumature della tradizione lirica [&hellip;]<\/p>\n                                <a title=\"Il celebre soprano americano Lisette Oropesa insieme al pianista italiano Alessandro Pratic\u00f2 in concerto al Musiikkitalo\" class=\"read-more\" href=\"https:\/\/iichelsinki.esteri.it\/it\/gli_eventi\/calendario\/la-splendida-star-mondiale-dellopera-il-soprano-americano-lisette-oropesa-si-esibira-al-musiikkitalo\/\">\n                                    <span class=\"text\">Leggi di pi\u00f9<\/span>\n                                    <svg class=\"icon\">\n                                    <use xlink:href=\"https:\/\/iichelsinki.esteri.it\/wp-content\/themes\/sedi-tema\/assets\/svg\/sprites.svg#it-arrow-right\"><\/use>\n                                    <\/svg>\n                                <\/a>\n                                                        <\/div>\n                                                    <\/div>\n                    <\/div>\n                <\/div>\n                <!--end card-->\n                <\/div><!-- col-12 .mt-3-->\n                            <div class=\"col-12 mt-3\">\n                <!--start card-->\n                <div class=\"card-wrapper card-space\">\n                    <div class=\"card card-bg card-big border-bottom-card\">\n                        <div class=\"card-body row\">\n                                                    <div class=\"col-sm-3\">\n                                <div class=\"img-responsive\">\n                                    <figure class=\"img-wrapper\">\n                                        <a href=\"https:\/\/iichelsinki.esteri.it\/it\/gli_eventi\/calendario\/presentazione-del-libro-valoa-italiasta\/\" title=\"Leggi l'articolo: Presentazione del libro &#8220;Valoa Italiasta&#8221;\">\n                                                                                            <img loading=\"lazy\" decoding=\"async\" width=\"294\" height=\"300\" src=\"https:\/\/iichelsinki.esteri.it\/wp-content\/uploads\/2026\/05\/Valoa-Italiasta-kansikuva-294x300.jpg\" srcset=\"https:\/\/iichelsinki.esteri.it\/wp-content\/uploads\/2026\/05\/Valoa-Italiasta-kansikuva.jpg 1772w, https:\/\/iichelsinki.esteri.it\/wp-content\/uploads\/2026\/05\/Valoa-Italiasta-kansikuva-294x300.jpg 294w, https:\/\/iichelsinki.esteri.it\/wp-content\/uploads\/2026\/05\/Valoa-Italiasta-kansikuva-1002x1024.jpg 1002w, https:\/\/iichelsinki.esteri.it\/wp-content\/uploads\/2026\/05\/Valoa-Italiasta-kansikuva-768x785.jpg 768w\" sizes=\"auto, (max-width: 1772px) 100vw, 1772px\"  title=\"Valoa Italiasta kansikuva\" alt=\"\" class=\"img-fluid\">\n                                                                                    <\/a>\n                                    <\/figure>\n                                <\/div>\n                            <\/div>\n                            <div class=\"col-sm-9\">\n                                                            <div class=\"category-top\">\n                                    <span class=\"fw-bold \"><\/span>                                                                        <span class=\"\">\n                                        <svg class=\"icon icon-secondary\">\n                                            <use xlink:href=\"https:\/\/iichelsinki.esteri.it\/wp-content\/themes\/sedi-tema\/assets\/svg\/sprites.svg#it-calendar\"><\/use>\n                                        <\/svg> Ven 05 Giu 2026<svg class=\"icon icon-xs icon-secondary me-1 ms-1\"><use href=\"https:\/\/iichelsinki.esteri.it\/wp-content\/themes\/sedi-tema\/assets\/svg\/sprites.svg#it-arrow-right\"><\/use><\/svg>Ven 05 Giu 2026                                    <\/span>\n                                                                    <\/div>\n                            <h5 class=\"card-title big-heading text-uppercase\"><a class=\"text-body text-decoration-none\" href=\"https:\/\/iichelsinki.esteri.it\/it\/gli_eventi\/calendario\/presentazione-del-libro-valoa-italiasta\/\" title=\"Presentazione del libro &#8220;Valoa Italiasta&#8221;\">Presentazione del libro &#8220;Valoa Italiasta&#8221;<\/a><\/h5>\n                            <p class=\"card-text\">Nel loro ultimo libro, Valoa Italiasta (Luce dall\u2019Italia), Pirjo e Reijo Toivanen raccontano degli anni in cui gli artisti finlandesi, appartenenti all\u2019epoca d\u2019oro, erano ancora sconosciuti e di come siano andati alla ricerca di una vera e propria strada durante il loro percorso artistico. Il libro si concentra sugli anni 1898-1905, epoca in cui la [&hellip;]<\/p>\n                                <a title=\"Presentazione del libro &#8220;Valoa Italiasta&#8221;\" class=\"read-more\" href=\"https:\/\/iichelsinki.esteri.it\/it\/gli_eventi\/calendario\/presentazione-del-libro-valoa-italiasta\/\">\n                                    <span class=\"text\">Leggi di pi\u00f9<\/span>\n                                    <svg class=\"icon\">\n                                    <use xlink:href=\"https:\/\/iichelsinki.esteri.it\/wp-content\/themes\/sedi-tema\/assets\/svg\/sprites.svg#it-arrow-right\"><\/use>\n                                    <\/svg>\n                                <\/a>\n                                                        <\/div>\n                                                    <\/div>\n                    <\/div>\n                <\/div>\n                <!--end card-->\n                <\/div><!-- col-12 .mt-3-->\n                            <div class=\"col-12 mt-3\">\n                <!--start card-->\n                <div class=\"card-wrapper card-space\">\n                    <div class=\"card card-bg card-big border-bottom-card\">\n                        <div class=\"card-body row\">\n                                                    <div class=\"col-sm-3\">\n                                <div class=\"img-responsive\">\n                                    <figure class=\"img-wrapper\">\n                                        <a href=\"https:\/\/iichelsinki.esteri.it\/it\/gli_eventi\/calendario\/mozart-mozart\/\" title=\"Leggi l'articolo: Mozart Mozart\">\n                                                                                            <img loading=\"lazy\" decoding=\"async\" width=\"212\" height=\"300\" src=\"https:\/\/iichelsinki.esteri.it\/wp-content\/uploads\/2026\/05\/MozartMozart_Juliste-212x300.png\" srcset=\"https:\/\/iichelsinki.esteri.it\/wp-content\/uploads\/2026\/05\/MozartMozart_Juliste.png 1414w, https:\/\/iichelsinki.esteri.it\/wp-content\/uploads\/2026\/05\/MozartMozart_Juliste-212x300.png 212w, https:\/\/iichelsinki.esteri.it\/wp-content\/uploads\/2026\/05\/MozartMozart_Juliste-724x1024.png 724w, https:\/\/iichelsinki.esteri.it\/wp-content\/uploads\/2026\/05\/MozartMozart_Juliste-768x1086.png 768w\" sizes=\"auto, (max-width: 1414px) 100vw, 1414px\"  title=\"MozartMozart_Juliste\" alt=\"\" class=\"img-fluid\">\n                                                                                    <\/a>\n                                    <\/figure>\n                                <\/div>\n                            <\/div>\n                            <div class=\"col-sm-9\">\n                                                            <div class=\"category-top\">\n                                    <span class=\"fw-bold \"><\/span>                                                                        <span class=\"\">\n                                        <svg class=\"icon icon-secondary\">\n                                            <use xlink:href=\"https:\/\/iichelsinki.esteri.it\/wp-content\/themes\/sedi-tema\/assets\/svg\/sprites.svg#it-calendar\"><\/use>\n                                        <\/svg> Mer 10 Giu 2026<svg class=\"icon icon-xs icon-secondary me-1 ms-1\"><use href=\"https:\/\/iichelsinki.esteri.it\/wp-content\/themes\/sedi-tema\/assets\/svg\/sprites.svg#it-arrow-right\"><\/use><\/svg>Sab 13 Giu 2026                                    <\/span>\n                                                                    <\/div>\n                            <h5 class=\"card-title big-heading text-uppercase\"><a class=\"text-body text-decoration-none\" href=\"https:\/\/iichelsinki.esteri.it\/it\/gli_eventi\/calendario\/mozart-mozart\/\" title=\"Mozart Mozart\">Mozart Mozart<\/a><\/h5>\n                            <p class=\"card-text\">Luca Signoretti, coreografo italo-svizzero, porter\u00e0 a giugno presso la sala Erkko di Tanssin talo il suo spettacolo Mozart Mozart, in una versione rivisitata che vedr\u00e0 la partecipazione dei ballerini della scuola di danza Susanna Leinonen Company, presso cui sar\u00e0 anche ospite. La tecnica di danza magistrale di Signoretti, pluripremiato a livello internazionale, costruisce un movimento [&hellip;]<\/p>\n                                <a title=\"Mozart Mozart\" class=\"read-more\" href=\"https:\/\/iichelsinki.esteri.it\/it\/gli_eventi\/calendario\/mozart-mozart\/\">\n                                    <span class=\"text\">Leggi di pi\u00f9<\/span>\n                                    <svg class=\"icon\">\n                                    <use xlink:href=\"https:\/\/iichelsinki.esteri.it\/wp-content\/themes\/sedi-tema\/assets\/svg\/sprites.svg#it-arrow-right\"><\/use>\n                                    <\/svg>\n                                <\/a>\n                                                        <\/div>\n                                                    <\/div>\n                    <\/div>\n                <\/div>\n                <!--end card-->\n                <\/div><!-- col-12 .mt-3-->\n            \n            <div class=\"col-md-12 mt-4 pb-4\">\n                <nav class=\"navigation col-md-12\" aria-label=\"Navigation\">\n                    <h2 class=\"screen-reader-text visually-hidden\">Paginazione<\/h2>\n                    <div class=\"nav-links\">\n                                        <\/div>\n                <\/nav>\n            <\/div>   <!--.col-md-12 -->\n              <\/div><!--.row -->\n              \n","protected":false},"excerpt":{"rendered":"","protected":false},"author":1,"featured_media":0,"parent":0,"menu_order":6,"comment_status":"closed","ping_status":"closed","template":"","meta":{"footnotes":""},"class_list":["post-17","page","type-page","status-publish","hentry"],"_links":{"self":[{"href":"https:\/\/iichelsinki.esteri.it\/it\/wp-json\/wp\/v2\/pages\/17","targetHints":{"allow":["GET"]}}],"collection":[{"href":"https:\/\/iichelsinki.esteri.it\/it\/wp-json\/wp\/v2\/pages"}],"about":[{"href":"https:\/\/iichelsinki.esteri.it\/it\/wp-json\/wp\/v2\/types\/page"}],"author":[{"embeddable":true,"href":"https:\/\/iichelsinki.esteri.it\/it\/wp-json\/wp\/v2\/users\/1"}],"replies":[{"embeddable":true,"href":"https:\/\/iichelsinki.esteri.it\/it\/wp-json\/wp\/v2\/comments?post=17"}],"version-history":[{"count":2,"href":"https:\/\/iichelsinki.esteri.it\/it\/wp-json\/wp\/v2\/pages\/17\/revisions"}],"predecessor-version":[{"id":64,"href":"https:\/\/iichelsinki.esteri.it\/it\/wp-json\/wp\/v2\/pages\/17\/revisions\/64"}],"wp:attachment":[{"href":"https:\/\/iichelsinki.esteri.it\/it\/wp-json\/wp\/v2\/media?parent=17"}],"curies":[{"name":"wp","href":"https:\/\/api.w.org\/{rel}","templated":true}]}}