{"id":99,"date":"2023-04-03T20:55:37","date_gmt":"2023-04-03T17:55:37","guid":{"rendered":"https:\/\/iichelsinki.esteri.it\/lingua-e-cultura\/i-corsi-di-lingua\/"},"modified":"2026-03-26T12:26:56","modified_gmt":"2026-03-26T10:26:56","slug":"i-corsi-di-lingua","status":"publish","type":"page","link":"https:\/\/iichelsinki.esteri.it\/fi\/lingua-e-cultura\/i-corsi-di-lingua\/","title":{"rendered":"Kielikurssit"},"content":{"rendered":"<p><strong>Italian kielen kurssit Italian kulttuuri-instituutissa<\/strong><\/p>\n<p>Kielikurssien tasot vastaavat eurooppalaisen viitekehyksen taitotasoja:<\/p>\n<p>A1-A2 alkeistaso<br \/>\nB1-B2 keskitaso<br \/>\nC1-C2 edistynyt taso<\/p>\n<p>Kursseja l\u00f6ytyy aivan aloittelijoista hyvin edistyneelle tasolle saakka.<\/p>\n<p>Taitotasovaatimus: kurssit eiv\u00e4t edellyt\u00e4 tasokoetta.<\/p>\n<p><strong>Kurssipaikka<\/strong><\/p>\n<p>Kurssit j\u00e4rjestet\u00e4\u00e4n Italian kulttuuri-instituutin opetustiloissa osoitteessa <strong><u>Ullankatu 3 A 2, 00140 Helsinki<\/u><\/strong>. Verkkokurssit j\u00e4rjestet\u00e4\u00e4n Zoom-et\u00e4kokouspalvelun kautta.<\/p>\n<p><strong>Kes\u00e4n 2026 kurssikalenteri ja ilmoittautuminen<\/strong><\/p>\n<table width=\"0\">\n<tbody>\n<tr>\n<td width=\"226\"><strong>Kurssi<\/strong><\/td>\n<td width=\"49\"><strong>Alkaa<\/strong><\/td>\n<td width=\"62\"><strong>P\u00e4\u00e4ttyy<\/strong><\/td>\n<td width=\"96\"><strong>Viikonp\u00e4iv\u00e4<\/strong><\/td>\n<td width=\"93\"><strong>Kellonaika<\/strong><\/td>\n<td width=\"144\"><strong>Opettaja<\/strong><\/td>\n<\/tr>\n<tr>\n<td>A1.1+<\/td>\n<td>4.5<\/td>\n<td>25.5<\/td>\n<td>maanantai<\/td>\n<td>15.00-16.30<\/td>\n<td>Renata Grillo<\/td>\n<\/tr>\n<tr>\n<td>A1.2+ online<\/td>\n<td>12.5<\/td>\n<td>2.6<\/td>\n<td>tiistai<\/td>\n<td>17.00-18.30<\/td>\n<td>Domenico Pardo<\/td>\n<\/tr>\n<tr>\n<td>A1.2+<\/td>\n<td>5.5<\/td>\n<td>26.5<\/td>\n<td>tiistai<\/td>\n<td>19.00-20.30<\/td>\n<td>Renata Grillo<\/td>\n<\/tr>\n<tr>\n<td>A1.3+<\/td>\n<td>5.5<\/td>\n<td>26.5<\/td>\n<td>tiistai<\/td>\n<td>17.15-18.45<\/td>\n<td>Renata Grillo<\/td>\n<\/tr>\n<tr>\n<td>A2.1 +<\/td>\n<td>4.5<\/td>\n<td>25.5<\/td>\n<td>maanantai<\/td>\n<td>16.45-18.15<\/td>\n<td>Renata Grillo<\/td>\n<\/tr>\n<tr>\n<td>Roma (A2+) online<\/td>\n<td>13.5<\/td>\n<td>3.6<\/td>\n<td>keskiviikko<\/td>\n<td>17.30-19.00<\/td>\n<td>Simone Spaccatrosi<\/td>\n<\/tr>\n<tr>\n<td>A2.2+<\/td>\n<td>4.5<\/td>\n<td>25.5<\/td>\n<td>maanantai<\/td>\n<td>18.30-20.00<\/td>\n<td>Renata Grillo<\/td>\n<\/tr>\n<tr>\n<td>B1.2+<\/td>\n<td>11.5<\/td>\n<td>1.6<\/td>\n<td>maanantai<\/td>\n<td>13.15-14.45<\/td>\n<td>Melania Messina<\/td>\n<\/tr>\n<tr>\n<td>B1-C2+<\/td>\n<td>13.5<\/td>\n<td>3.6<\/td>\n<td>keskiviikko<\/td>\n<td>12.00-13.30<\/td>\n<td>Melania Messina<\/td>\n<\/tr>\n<tr>\n<td>C1.2+ online<\/td>\n<td>12.5<\/td>\n<td>2.6<\/td>\n<td>tiistai<\/td>\n<td>19.00-20.30<\/td>\n<td>Simone Spaccatrosi<\/td>\n<\/tr>\n<tr>\n<td>C2.3+ online<\/td>\n<td>11.5<\/td>\n<td>1.6<\/td>\n<td>maanantai<\/td>\n<td>18.45-20.15<\/td>\n<td>Simone Spaccatrosi<\/td>\n<\/tr>\n<tr>\n<td>Letteratura B2-C2 online<\/td>\n<td>13.5<\/td>\n<td>3.6<\/td>\n<td>keskiviikko<\/td>\n<td>18.30-20.00<\/td>\n<td>Mattia Retta<\/td>\n<\/tr>\n<\/tbody>\n<\/table>\n<p>Kes\u00e4n kielikursseilla on yhteens\u00e4 4 oppituntia (kesto 90 min\/oppitunti).<\/p>\n<p>Kes\u00e4n PLUS\u2013 ja erikoiskursseilla ei ole oppikirjoja vaan opiskelijat saavat kurssimateriaalin opettajalta. PLUS-kielikursseilla vahvistetaan ja kerrataan kev\u00e4\u00e4ll\u00e4 opittua. Mik\u00e4li k\u00e4vit kev\u00e4\u00e4ll\u00e4 A1.1-tason kurssin, voit ilmoittautua kes\u00e4ksi A1.1-tason PLUS-kurssille. PLUS-kurssit edellytt\u00e4v\u00e4t italianopintoja seuraavasti vuosina:<\/p>\n<table width=\"0\">\n<tbody>\n<tr>\n<td width=\"188\">A1.1+ \/ 6 kk = 14 oppituntia<\/td>\n<td width=\"82\">A1.3+ \/ 1,5v<\/td>\n<td width=\"97\">A2.2+ \/\u00a0 2,5v<\/td>\n<td width=\"81\">B1.2+ \/ 4v<\/td>\n<td width=\"83\">B2.3+ \/ 6v<\/td>\n<\/tr>\n<tr>\n<td width=\"188\">A1.2+ \/ 1 v = 24 oppituntia<\/td>\n<td width=\"82\">A2.1+ \/ 2v<\/td>\n<td width=\"97\">A2.3+ \/ 3v<\/td>\n<td width=\"81\">B2.1+ \/ 5v<\/td>\n<td width=\"83\">C2.1+ \/ 8v<\/td>\n<\/tr>\n<\/tbody>\n<\/table>\n<p><strong>Erikoiskurssit<\/strong><\/p>\n<p><strong>Roma (A2-tasosta alkaen) <\/strong>Kurssin aikana oppilaat saavat paljon kiinnostavaa tietoa ikuisesta kaupungista. Kurssilla tutustutaan sek\u00e4 kuuluisiin n\u00e4ht\u00e4vyyksiin ett\u00e4 paikkoihin, joita turistit eiv\u00e4t tunne. Lis\u00e4ksi tunneilla k\u00e4yd\u00e4\u00e4n l\u00e4pi Rooman historiaa sek\u00e4 roomalaisia lauluja, ruokia, typillisi\u00e4 tuotteita ja muita kuriositeetteja (esimerkiksi: Miten valmistetaan autenttista pasta carbonaraa?). Kurssilla opiskellaan my\u00f6s hy\u00f6dyllisi\u00e4 matkailufraaseja italiaksi sek\u00e4 tutustutaan roomalaiseen murteeseen Lis\u00e4ksi oppilaat saavat k\u00e4yt\u00e4nn\u00f6llisi\u00e4 vinkkej\u00e4, kuten miss\u00e4 Rooman ravintoloissa ja pitserioissa sy\u00f6d\u00e4 hyvin tai miss\u00e4 ottaa t\u00e4ydelliset lomakuvat. Kurssi pidet\u00e4\u00e4n italiaksi Zoomin v\u00e4lityksell\u00e4<\/p>\n<p><strong>Letteratura B2-C2 <\/strong>T\u00e4ll\u00e4 kurssilla luemme yhdess\u00e4 Michela Murgian romaanin <em>Tre ciotole<\/em>.<\/p>\n<p>Kurssi-ilmoittautumista varten opiskelijan on t\u00e4ytett\u00e4v\u00e4 <a href=\"https:\/\/iichelsinki.esteri.it\/wp-content\/uploads\/2024\/08\/Ilmoittautumislomake.docx\">ilmoittautumislomake<\/a>. Ilmoittautumislomakkeen voi l\u00e4hett\u00e4\u00e4 s\u00e4hk\u00f6postin liitteen\u00e4 osoitteeseen <a href=\"mailto:corsi.iichelsinki@esteri.it\">corsi.iichelsinki@esteri.it<\/a> tai toimittaa instituuttiin henkil\u00f6kohtaisesti tai postitse. Saat onnistuneesta ilmoittautumisesta vahvistuksen s\u00e4hk\u00f6postitse. Olethan yhteydess\u00e4, mik\u00e4li et saa vahvistusta parin arkip\u00e4iv\u00e4n kuluessa.Lis\u00e4tietoja ja ilmoittautumiset: <a href=\"mailto:corsi.iichelsinki@esteri.it\">corsi.iichelsinki@esteri.it<\/a> \/ tel. 096811330<\/p>\n<p>Kurssipaikka vahvistuu vasta kurssimaksun suorittamisen j\u00e4lkeen. Kurssimaksu tulee suorittaa aina ennen kurssin alkua.<\/p>\n<p><strong><a href=\"https:\/\/iichelsinki.esteri.it\/wp-content\/uploads\/2025\/08\/Ilmoittautumislomake.docx\">Ilmoittautumislomake<\/a><\/strong><\/p>\n<p><strong><a href=\"https:\/\/iichelsinki.esteri.it\/wp-content\/uploads\/2025\/08\/English-Registration-form.docx\">English registration form<\/a><\/strong><\/p>\n<p><a href=\"https:\/\/iichelsinki.esteri.it\/wp-content\/uploads\/2025\/08\/Italiano-modulo-iscrizione.docx\"><strong>Modulo d&#8217;iscrizione in italiano<\/strong><\/a><\/p>\n<p>esite <a href=\"https:\/\/iichelsinki.esteri.it\/wp-content\/uploads\/2026\/03\/Brochure-FIN-E2026.pdf\"><strong>Kurssikalenteri &#8211; kes\u00e4 2026<\/strong><\/a><\/p>\n<h3>Kielikurssien hinta<\/h3>\n<p>Kielikurssit: 80 \u20ac<\/p>\n<p>Ei alennuksia.<\/p>\n<p>Instituutti ei palauta maksettuja kurssimaksuja kurssin alkamisen j\u00e4lkeen. Kurssi-ilmoittautuminen on sitova. Mik\u00e4li opiskelija on jo maksanut kurssimaksun, eik\u00e4 voi osallistua opetukseen, on h\u00e4nen mahdollista osallistua kurssille seuraavan lukukauden aikana edellytt\u00e4en, ett\u00e4 kurssilla on tilaa.<\/p>\n<p>&nbsp;<\/p>\n","protected":false},"excerpt":{"rendered":"Italian kielen kurssit Italian kulttuuri-instituutissa Kielikurssien tasot vastaavat eurooppalaisen viitekehyksen taitotasoja: A1-A2 alkeistaso B1-B2 keskitaso C1-C2 edistynyt taso Kursseja l\u00f6ytyy aivan aloittelijoista hyvin edistyneelle tasolle saakka. Taitotasovaatimus: kurssit eiv\u00e4t edellyt\u00e4 tasokoetta. Kurssipaikka Kurssit j\u00e4rjestet\u00e4\u00e4n Italian kulttuuri-instituutin opetustiloissa osoitteessa Ullankatu 3 A 2, 00140 Helsinki. Verkkokurssit j\u00e4rjestet\u00e4\u00e4n Zoom-et\u00e4kokouspalvelun kautta. Kes\u00e4n 2026 kurssikalenteri ja ilmoittautuminen Kurssi Alkaa [&hellip;]","protected":false},"author":1,"featured_media":0,"parent":98,"menu_order":0,"comment_status":"closed","ping_status":"closed","template":"","meta":{"footnotes":""},"class_list":["post-99","page","type-page","status-publish","hentry"],"_links":{"self":[{"href":"https:\/\/iichelsinki.esteri.it\/fi\/wp-json\/wp\/v2\/pages\/99","targetHints":{"allow":["GET"]}}],"collection":[{"href":"https:\/\/iichelsinki.esteri.it\/fi\/wp-json\/wp\/v2\/pages"}],"about":[{"href":"https:\/\/iichelsinki.esteri.it\/fi\/wp-json\/wp\/v2\/types\/page"}],"author":[{"embeddable":true,"href":"https:\/\/iichelsinki.esteri.it\/fi\/wp-json\/wp\/v2\/users\/1"}],"replies":[{"embeddable":true,"href":"https:\/\/iichelsinki.esteri.it\/fi\/wp-json\/wp\/v2\/comments?post=99"}],"version-history":[{"count":6,"href":"https:\/\/iichelsinki.esteri.it\/fi\/wp-json\/wp\/v2\/pages\/99\/revisions"}],"predecessor-version":[{"id":6319,"href":"https:\/\/iichelsinki.esteri.it\/fi\/wp-json\/wp\/v2\/pages\/99\/revisions\/6319"}],"up":[{"embeddable":true,"href":"https:\/\/iichelsinki.esteri.it\/fi\/wp-json\/wp\/v2\/pages\/98"}],"wp:attachment":[{"href":"https:\/\/iichelsinki.esteri.it\/fi\/wp-json\/wp\/v2\/media?parent=99"}],"curies":[{"name":"wp","href":"https:\/\/api.w.org\/{rel}","templated":true}]}}