{"id":98,"date":"2023-04-03T20:30:34","date_gmt":"2023-04-03T17:30:34","guid":{"rendered":"https:\/\/iichelsinki.esteri.it\/lingua-e-cultura\/"},"modified":"2023-09-08T12:25:16","modified_gmt":"2023-09-08T09:25:16","slug":"lingua-e-cultura","status":"publish","type":"page","link":"https:\/\/iichelsinki.esteri.it\/fi\/lingua-e-cultura\/","title":{"rendered":"Kieli ja kulttuuri"},"content":{"rendered":"<p>Joka vuosi\u00a0puoli miljoonaa ihmist\u00e4 opiskelee italiaa kielikursseilla Italian ulkopuolella kaikissa maailman maissa.<\/p>\n<p>Miksi he opiskelevat italiaa?<\/p>\n<p><strong>Italia on kulttuurin kieli<\/strong>. Italiantaitoinen voi tutustua koko Euroopan historian kannalta perustavaan kirjalliseen perint\u00f6\u00f6n, arvokkaisiin humanistisiin ja luonnontieteellisiin teksteihin, n\u00e4ytelm\u00e4kirjallisuuteen, musiikkiin ja oopperamusiikkiin, elokuvaan ja televisioon.<\/p>\n<p><strong>Italia on opiskelun kieli.<\/strong> Joka vuosi suuri joukko opiskelijoita hakeutuu italialaisiin oppilaitoksiin, yliopistoihin ja taideakatemioihin, tai haluaa k\u00e4ytt\u00e4\u00e4 Italian kirjastoja.<\/p>\n<p><strong>Italia on ty\u00f6kieli.<\/strong> Yritysjohtajat, sijoittajat, eri alojen asiantuntijat jne. ovat yhteydess\u00e4 Italian teollisuuteen, k\u00e4sity\u00f6l\u00e4isammatteihin ja palvelualaan.<\/p>\n<p>Italiaa puhumalla vierailusta Italiassa ja kanssak\u00e4ymisest\u00e4 vieraanvaraisten italialaisten kanssa tulee todellinen nautinto ymp\u00e4rist\u00f6ss\u00e4, joka on t\u00e4ynn\u00e4 taidekaupunkeja ja luonnonkauniita maisemia.<\/p>\n","protected":false},"excerpt":{"rendered":"Joka vuosi\u00a0puoli miljoonaa ihmist\u00e4 opiskelee italiaa kielikursseilla Italian ulkopuolella kaikissa maailman maissa. Miksi he opiskelevat italiaa? Italia on kulttuurin kieli. Italiantaitoinen voi tutustua koko Euroopan historian kannalta perustavaan kirjalliseen perint\u00f6\u00f6n, arvokkaisiin humanistisiin ja luonnontieteellisiin teksteihin, n\u00e4ytelm\u00e4kirjallisuuteen, musiikkiin ja oopperamusiikkiin, elokuvaan ja televisioon. Italia on opiskelun kieli. Joka vuosi suuri joukko opiskelijoita hakeutuu italialaisiin oppilaitoksiin, yliopistoihin [&hellip;]","protected":false},"author":1,"featured_media":0,"parent":0,"menu_order":4,"comment_status":"closed","ping_status":"closed","template":"","meta":{"footnotes":""},"class_list":["post-98","page","type-page","status-publish","hentry"],"_links":{"self":[{"href":"https:\/\/iichelsinki.esteri.it\/fi\/wp-json\/wp\/v2\/pages\/98","targetHints":{"allow":["GET"]}}],"collection":[{"href":"https:\/\/iichelsinki.esteri.it\/fi\/wp-json\/wp\/v2\/pages"}],"about":[{"href":"https:\/\/iichelsinki.esteri.it\/fi\/wp-json\/wp\/v2\/types\/page"}],"author":[{"embeddable":true,"href":"https:\/\/iichelsinki.esteri.it\/fi\/wp-json\/wp\/v2\/users\/1"}],"replies":[{"embeddable":true,"href":"https:\/\/iichelsinki.esteri.it\/fi\/wp-json\/wp\/v2\/comments?post=98"}],"version-history":[{"count":3,"href":"https:\/\/iichelsinki.esteri.it\/fi\/wp-json\/wp\/v2\/pages\/98\/revisions"}],"predecessor-version":[{"id":235,"href":"https:\/\/iichelsinki.esteri.it\/fi\/wp-json\/wp\/v2\/pages\/98\/revisions\/235"}],"wp:attachment":[{"href":"https:\/\/iichelsinki.esteri.it\/fi\/wp-json\/wp\/v2\/media?parent=98"}],"curies":[{"name":"wp","href":"https:\/\/api.w.org\/{rel}","templated":true}]}}