{"id":97,"date":"2023-04-03T20:55:21","date_gmt":"2023-04-03T17:55:21","guid":{"rendered":"https:\/\/iichelsinki.esteri.it\/chi-siamo\/contatti\/"},"modified":"2025-01-20T14:03:30","modified_gmt":"2025-01-20T12:03:30","slug":"contatti","status":"publish","type":"page","link":"https:\/\/iichelsinki.esteri.it\/fi\/chi-siamo\/contatti\/","title":{"rendered":"Yhteystiedot"},"content":{"rendered":"<p><strong>Italian kulttuuri-instituutti<\/strong><\/p>\n<p>Kurssipaikka:<br \/>\nUllankatu 3 A 2, 00140 Helsinki<\/p>\n<p>Toimisto:<br \/>\nVuorimiehenkatu 11 B 10, 00140 Helsinki<\/p>\n<p><a href=\"mailto:iichelsinki@esteri.it\">iichelsinki@esteri.it<\/a><br \/>\npuh: +358-(0)9-6811 330<\/p>\n<p>PEC (posta elettronica certificata, suojattu s\u00e4hk\u00f6posti):\u00a0<a href=\"mailto:iic.helsinki@cert.esteri.it\">iic.helsinki@cert.esteri.it<\/a><\/p>\n<p>&nbsp;<\/p>\n<p>Toimisto avoinna:<\/p>\n<p>Ma\u2013pe: 10.00\u201316.00 (Pyyd\u00e4mme varaamaan tapaamisajan etuk\u00e4teen s\u00e4hk\u00f6postitse: <a href=\"mailto:segr.iichelsinki@esteri.it\">segr.iichelsinki@esteri.it<\/a>)<\/p>\n<p>Italian kulttuuri-instituutin toimisto on suljettu lauantaisin ja sunnuntaisin.<\/p>\n<p>Tapahtumaehdotukset:<\/p>\n<p>Italian kulttuuri-instituutti vastaanottaa mielell\u00e4\u00e4n tapahtumaehdotuksia. Hakemuksissa on oltava lyhyt kuvaus tapahtumasta sek\u00e4 mahdolliset liitteet\/kuvat ja ne voi l\u00e4hett\u00e4\u00e4 meille s\u00e4hk\u00f6postitse osoitteeseen eventi.iichelsinki@esteri.it. Kiit\u00e4mme jo etuk\u00e4teen hakemusten l\u00e4hett\u00e4misest\u00e4. Saamme p\u00e4ivitt\u00e4in suuren m\u00e4\u00e4r\u00e4n hakemuksia ja voimme valitettavasti vastata vain niille hakijoille, joiden ehdotus voidaan sis\u00e4llytt\u00e4\u00e4 nykyiseen ohjelmaan. Mik\u00e4li emme vastaa kahden viikon kuluessa, hanketta ei voida k\u00e4sitell\u00e4 t\u00e4ss\u00e4 vaiheessa.<\/p>\n<p>Italian kulttuuri-instituutti on kiinni uudenvuodenp\u00e4iv\u00e4n\u00e4 (1. tammikuuta), loppiaisena (6. tammikuuta), pitk\u00e4perjantaina, toisena p\u00e4\u00e4si\u00e4isp\u00e4iv\u00e4n\u00e4, 25. huhtikuuta, vappuna (1. toukokuuta), Italian kansallisp\u00e4iv\u00e4n\u00e4 (2. kes\u00e4kuuta), Suomen itsen\u00e4isyysp\u00e4iv\u00e4n\u00e4 (6. joulukuuta), jouluaattona (24. joulukuuta), joulup\u00e4iv\u00e4n\u00e4 (25. joulukuuta) ja tapaninp\u00e4iv\u00e4n\u00e4 (26. joulukuuta).<\/p>\n","protected":false},"excerpt":{"rendered":"Italian kulttuuri-instituutti Kurssipaikka: Ullankatu 3 A 2, 00140 Helsinki Toimisto: Vuorimiehenkatu 11 B 10, 00140 Helsinki iichelsinki@esteri.it puh: +358-(0)9-6811 330 PEC (posta elettronica certificata, suojattu s\u00e4hk\u00f6posti):\u00a0iic.helsinki@cert.esteri.it &nbsp; Toimisto avoinna: Ma\u2013pe: 10.00\u201316.00 (Pyyd\u00e4mme varaamaan tapaamisajan etuk\u00e4teen s\u00e4hk\u00f6postitse: segr.iichelsinki@esteri.it) Italian kulttuuri-instituutin toimisto on suljettu lauantaisin ja sunnuntaisin. Tapahtumaehdotukset: Italian kulttuuri-instituutti vastaanottaa mielell\u00e4\u00e4n tapahtumaehdotuksia. Hakemuksissa on oltava lyhyt [&hellip;]","protected":false},"author":1,"featured_media":0,"parent":94,"menu_order":4,"comment_status":"closed","ping_status":"closed","template":"","meta":{"footnotes":""},"class_list":["post-97","page","type-page","status-publish","hentry"],"_links":{"self":[{"href":"https:\/\/iichelsinki.esteri.it\/fi\/wp-json\/wp\/v2\/pages\/97","targetHints":{"allow":["GET"]}}],"collection":[{"href":"https:\/\/iichelsinki.esteri.it\/fi\/wp-json\/wp\/v2\/pages"}],"about":[{"href":"https:\/\/iichelsinki.esteri.it\/fi\/wp-json\/wp\/v2\/types\/page"}],"author":[{"embeddable":true,"href":"https:\/\/iichelsinki.esteri.it\/fi\/wp-json\/wp\/v2\/users\/1"}],"replies":[{"embeddable":true,"href":"https:\/\/iichelsinki.esteri.it\/fi\/wp-json\/wp\/v2\/comments?post=97"}],"version-history":[{"count":6,"href":"https:\/\/iichelsinki.esteri.it\/fi\/wp-json\/wp\/v2\/pages\/97\/revisions"}],"predecessor-version":[{"id":4677,"href":"https:\/\/iichelsinki.esteri.it\/fi\/wp-json\/wp\/v2\/pages\/97\/revisions\/4677"}],"up":[{"embeddable":true,"href":"https:\/\/iichelsinki.esteri.it\/fi\/wp-json\/wp\/v2\/pages\/94"}],"wp:attachment":[{"href":"https:\/\/iichelsinki.esteri.it\/fi\/wp-json\/wp\/v2\/media?parent=97"}],"curies":[{"name":"wp","href":"https:\/\/api.w.org\/{rel}","templated":true}]}}