{"id":96,"date":"2023-04-03T20:55:02","date_gmt":"2023-04-03T17:55:02","guid":{"rendered":"https:\/\/iichelsinki.esteri.it\/chi-siamo\/la-sede\/"},"modified":"2024-07-22T15:48:50","modified_gmt":"2024-07-22T12:48:50","slug":"la-sede","status":"publish","type":"page","link":"https:\/\/iichelsinki.esteri.it\/fi\/chi-siamo\/la-sede\/","title":{"rendered":"P\u00e4\u00e4maja"},"content":{"rendered":"<p><strong>Italian kulttuuri-instituutin<\/strong>\u00a0toiminta Suomessa alkaa kun professori Roberto Weiss saapuu Tallinnasta Helsinkiin lokakuussa 1940; &#8220;L\u00e4hdin Eestist\u00e4 13. kes\u00e4kuuta.&#8221; &#8211; kirjoittaa Weiss Italian ulkoministeri\u00f6lle &#8211; &#8220;Kaksi p\u00e4iv\u00e4\u00e4 my\u00f6hemmin Ven\u00e4j\u00e4 miehitti Baltian maat. Elokuun 25. p\u00e4iv\u00e4\u00e4n menness\u00e4, kuten tiedet\u00e4\u00e4n, ulkomaisten edustustojen j\u00e4senten oli poistuttava alueelta&#8221;.<br \/>\nJoulukuussa Instituutille l\u00f6ytyi sopiva kiinteist\u00f6 Mikonkatu 7:st\u00e4 ja niin, vuoden 1941 alussa, varsinainen toiminta saattoi alkaa.<\/p>\n<p>Professori Weiss matkusteli eri puolilla Suomea vierailemassa Dante Alighieri-yhdistyksiss\u00e4 ja pit\u00e4m\u00e4ss\u00e4 esitelmi\u00e4. Suomessa tunnettiin suurta sympatiaa Italiaa kohtaan. Italialaiset puolestaan seurasivat my\u00f6t\u00e4tunnolla pienen Suomen sitke\u00e4\u00e4 taistelua suurta Ven\u00e4j\u00e4\u00e4 vastaan. Indro Montanelli oli kirjoittanut Talvisodasta useita artikkeleita &#8220;Corriere della Sera&#8221; &#8211; sanomalehteen.<\/p>\n<p>Instituutin johtaja, joka oli muuttanut nimens\u00e4 muotoon Wis, jatkoi teht\u00e4v\u00e4ss\u00e4\u00e4n 27 vuoden ajan, aina tammikuuhun 1967. Vuonna 1954 kulttuuri-instituutti siirtyy Wainsteinin perheen lahjoittamiin tiloihin osoitteeseen Ullankatu 3 A. T\u00e4ss\u00e4 Gustav Estlanderin vuonna 1905 suunnittelemassa Jugend-talossa toimii edelleenkin vuosien mittaan laajentunut kirjastomme ja siell\u00e4 j\u00e4rjestet\u00e4\u00e4n italian kielen kursseja.<\/p>\n<p>Vuonna 1977 Instituutti laajenee ja hankkii lis\u00e4\u00e4 toimitiloja l\u00e4heiselt\u00e4 Vuorimiehenkadulta, jossa toimistomme\u00a0yh\u00e4 sijaitsevat. Instituuttimme t\u00e4h\u00e4nastiset johtajat:<\/p>\n<p><strong>Wis, Roberto<\/strong>\u00a0 20.10.1940 &#8211; 6.1.1967<br \/>\n<strong>Pegoraro, Giorgio<\/strong>\u00a0 6.1.1967 &#8211; 14.2.1971<br \/>\n<strong>Ghio, Domenico<\/strong>\u00a0 8.3.1971 &#8211; 8.3.1976<br \/>\n<strong>Raimondi, Luciano<\/strong>\u00a0 15.3.1976 &#8211; 19.3.1979<br \/>\n<strong>Roselli, Pietro<\/strong>\u00a0 19.3.1979 &#8211; 12.9.1979 (apulaisjohtajan viransijainen)<br \/>\n<strong>Velicogna, Claudia<\/strong>\u00a0 12.9.1979 &#8211; 11.12.1982<br \/>\n<strong>Coniglio, Vincenzo<\/strong>\u00a0 12.12.1982 &#8211; 31.7.1985<br \/>\n<strong>Di Silvestre, Fiorello<\/strong>\u00a0 31.7.1985 &#8211; 3.3.1986 (apulaisjohtajan viransijainen)<br \/>\n<strong>Furletti, Amalia<\/strong>\u00a0 3.3.1986 &#8211; 10.1.1989<br \/>\n<strong>Monese, Laura<\/strong>\u00a0 10.1.1989 &#8211; 3.11.1992<br \/>\n<strong>Di Silvestre, Fiorello<\/strong>\u00a0 3.11.1992 &#8211; 10.1.1994 (apulaisjohtajan viransijainen)<br \/>\n<strong>Colombo, Giorgio<\/strong>\u00a0 10.1.1994 &#8211; 9.1.2000<br \/>\n<strong>Zanini, Stefano<\/strong>\u00a0 10.1.2000 &#8211; 20.3.2001 (I l\u00e4hetyst\u00f6sihteeri &#8211; viransijainen)<br \/>\n<strong>Bianconi, Luca<\/strong>\u00a0 21.3.2001 &#8211; 18.6.2001 (II l\u00e4hetyst\u00f6sihteeri &#8211; viransijainen)<br \/>\n<strong>Roselli, Pietro<\/strong>\u00a0 19.6.2001 &#8211; 6.9.2006<br \/>\n<strong>Grillo, Wanda\u00a0\u00a0<\/strong>18.9.2006 &#8211; 18.9.2009<br \/>\n<strong>Balloni, Franco<\/strong>\u00a030.9.2009 &#8211; 17.6.2011<br \/>\n<strong>Sciola, Giovanni<\/strong>\u00a018.6.2011 &#8211; 30.11.2011 (vt. johtaja)<br \/>\n<strong>Visetti, Giorgio<\/strong>\u00a01.12.2011 &#8211; 15.7.2012 (suurl\u00e4hettil\u00e4s &#8211; viransijainen)<br \/>\n<strong>Matera, Marcello<\/strong>\u00a016.7.2012 &#8211; 27.8.2017<br \/>\n<strong>Gambarotta, Patrizia\u00a0<\/strong>2.10.2017 &#8211; 19.7.2024<\/p>\n<p><strong>Stendardo, Adriano<\/strong>, 20.7.2024 &#8211; (I l\u00e4hetyst\u00f6sihteeri &#8211; viransijainen)<\/p>\n","protected":false},"excerpt":{"rendered":"Italian kulttuuri-instituutin\u00a0toiminta Suomessa alkaa kun professori Roberto Weiss saapuu Tallinnasta Helsinkiin lokakuussa 1940; &#8220;L\u00e4hdin Eestist\u00e4 13. kes\u00e4kuuta.&#8221; &#8211; kirjoittaa Weiss Italian ulkoministeri\u00f6lle &#8211; &#8220;Kaksi p\u00e4iv\u00e4\u00e4 my\u00f6hemmin Ven\u00e4j\u00e4 miehitti Baltian maat. Elokuun 25. p\u00e4iv\u00e4\u00e4n menness\u00e4, kuten tiedet\u00e4\u00e4n, ulkomaisten edustustojen j\u00e4senten oli poistuttava alueelta&#8221;. Joulukuussa Instituutille l\u00f6ytyi sopiva kiinteist\u00f6 Mikonkatu 7:st\u00e4 ja niin, vuoden 1941 alussa, varsinainen [&hellip;]","protected":false},"author":1,"featured_media":0,"parent":94,"menu_order":2,"comment_status":"closed","ping_status":"closed","template":"","meta":{"footnotes":""},"class_list":["post-96","page","type-page","status-publish","hentry"],"_links":{"self":[{"href":"https:\/\/iichelsinki.esteri.it\/fi\/wp-json\/wp\/v2\/pages\/96","targetHints":{"allow":["GET"]}}],"collection":[{"href":"https:\/\/iichelsinki.esteri.it\/fi\/wp-json\/wp\/v2\/pages"}],"about":[{"href":"https:\/\/iichelsinki.esteri.it\/fi\/wp-json\/wp\/v2\/types\/page"}],"author":[{"embeddable":true,"href":"https:\/\/iichelsinki.esteri.it\/fi\/wp-json\/wp\/v2\/users\/1"}],"replies":[{"embeddable":true,"href":"https:\/\/iichelsinki.esteri.it\/fi\/wp-json\/wp\/v2\/comments?post=96"}],"version-history":[{"count":3,"href":"https:\/\/iichelsinki.esteri.it\/fi\/wp-json\/wp\/v2\/pages\/96\/revisions"}],"predecessor-version":[{"id":3906,"href":"https:\/\/iichelsinki.esteri.it\/fi\/wp-json\/wp\/v2\/pages\/96\/revisions\/3906"}],"up":[{"embeddable":true,"href":"https:\/\/iichelsinki.esteri.it\/fi\/wp-json\/wp\/v2\/pages\/94"}],"wp:attachment":[{"href":"https:\/\/iichelsinki.esteri.it\/fi\/wp-json\/wp\/v2\/media?parent=96"}],"curies":[{"name":"wp","href":"https:\/\/api.w.org\/{rel}","templated":true}]}}