{"id":94,"date":"2023-04-03T20:29:59","date_gmt":"2023-04-03T17:29:59","guid":{"rendered":"https:\/\/iichelsinki.esteri.it\/chi-siamo\/"},"modified":"2023-09-14T14:38:51","modified_gmt":"2023-09-14T11:38:51","slug":"chi-siamo","status":"publish","type":"page","link":"https:\/\/iichelsinki.esteri.it\/fi\/chi-siamo\/","title":{"rendered":"Keit\u00e4 olemme"},"content":{"rendered":"<p>Helsingiss\u00e4 toimiva Italian kulttuuri-instituutti<\/p>\n<p>Vuonna 1941 perustetun instituutin toiminnan tarkoitus on vahvistaa ja edist\u00e4\u00e4 Suomessa italian kielen ja kulttuurin tuntemusta kaikkine eri aspekteineen.<br \/>\nVuonna 1976 solmittu Suomen ja Italian v\u00e4linen kulttuurisopimus on edist\u00e4nyt maiden suhteita, jotka ovat entisest\u00e4\u00e4n vahvistuneet Suomen liitytty\u00e4 Euroopan unioniin.<\/p>\n<p>Italian kulttuuri-instituutin palveluja:<\/p>\n<ul>\n<li>toimii yhteisty\u00f6kumppanina n\u00e4yttelyjen, konserttien, esitelmien, seminaarien ja monien muiden tilaisuuksien j\u00e4rjestelyiss\u00e4;<\/li>\n<li>j\u00e4rjest\u00e4\u00e4 italiaa \u00e4idinkielen\u00e4\u00e4n puhuvien opettajien pit\u00e4mi\u00e4 kielikursseja;<\/li>\n<li>toimii v\u00e4litt\u00e4j\u00e4n\u00e4 suomalais-italialaisissa kulttuurikontakteissa;<\/li>\n<li>my\u00f6nt\u00e4\u00e4 palkintoja ja apurahoja italialaisen\u00a0kirjan k\u00e4\u00e4nn\u00f6sty\u00f6h\u00f6n<\/li>\n<li>antaa Italian kulttuuriel\u00e4m\u00e4\u00e4n ja koulutukseen liittyvi\u00e4 tietoja;<\/li>\n<li>lainaa kirjoja, lehti\u00e4, videoita ja dvd-levyj\u00e4.<\/li>\n<\/ul>\n<p>Lis\u00e4tietoja Italian kulttuuri-instituuttien toiminnasta l\u00f6ytyy Italian ulkoasiainministeri\u00f6n <a href=\"https:\/\/www.esteri.it\/it\/diplomazia-culturale-e-diplomazia-scientifica\/cultura\/reteiic\/\">verkkosivuilta\u00a0<\/a><\/p>\n","protected":false},"excerpt":{"rendered":"Helsingiss\u00e4 toimiva Italian kulttuuri-instituutti Vuonna 1941 perustetun instituutin toiminnan tarkoitus on vahvistaa ja edist\u00e4\u00e4 Suomessa italian kielen ja kulttuurin tuntemusta kaikkine eri aspekteineen. Vuonna 1976 solmittu Suomen ja Italian v\u00e4linen kulttuurisopimus on edist\u00e4nyt maiden suhteita, jotka ovat entisest\u00e4\u00e4n vahvistuneet Suomen liitytty\u00e4 Euroopan unioniin. Italian kulttuuri-instituutin palveluja: toimii yhteisty\u00f6kumppanina n\u00e4yttelyjen, konserttien, esitelmien, seminaarien ja monien muiden [&hellip;]","protected":false},"author":1,"featured_media":0,"parent":0,"menu_order":2,"comment_status":"closed","ping_status":"closed","template":"","meta":{"footnotes":""},"class_list":["post-94","page","type-page","status-publish","hentry"],"_links":{"self":[{"href":"https:\/\/iichelsinki.esteri.it\/fi\/wp-json\/wp\/v2\/pages\/94","targetHints":{"allow":["GET"]}}],"collection":[{"href":"https:\/\/iichelsinki.esteri.it\/fi\/wp-json\/wp\/v2\/pages"}],"about":[{"href":"https:\/\/iichelsinki.esteri.it\/fi\/wp-json\/wp\/v2\/types\/page"}],"author":[{"embeddable":true,"href":"https:\/\/iichelsinki.esteri.it\/fi\/wp-json\/wp\/v2\/users\/1"}],"replies":[{"embeddable":true,"href":"https:\/\/iichelsinki.esteri.it\/fi\/wp-json\/wp\/v2\/comments?post=94"}],"version-history":[{"count":7,"href":"https:\/\/iichelsinki.esteri.it\/fi\/wp-json\/wp\/v2\/pages\/94\/revisions"}],"predecessor-version":[{"id":357,"href":"https:\/\/iichelsinki.esteri.it\/fi\/wp-json\/wp\/v2\/pages\/94\/revisions\/357"}],"wp:attachment":[{"href":"https:\/\/iichelsinki.esteri.it\/fi\/wp-json\/wp\/v2\/media?parent=94"}],"curies":[{"name":"wp","href":"https:\/\/api.w.org\/{rel}","templated":true}]}}