{"id":294,"date":"2023-09-12T13:49:47","date_gmt":"2023-09-12T10:49:47","guid":{"rendered":"https:\/\/iichelsinki.esteri.it\/?page_id=294"},"modified":"2024-01-10T15:07:35","modified_gmt":"2024-01-10T13:07:35","slug":"itsearviointi","status":"publish","type":"page","link":"https:\/\/iichelsinki.esteri.it\/fi\/lingua-e-cultura\/i-corsi-di-lingua\/itsearviointi\/","title":{"rendered":"Itsearviointi"},"content":{"rendered":"<p><span class=\"titoloNotizia\">Mik\u00e4 on taitotasosi italian kieless\u00e4?<br \/>\n<\/span><br \/>\n<a href=\"https:\/\/rm.coe.int\/CoERMPublicCommonSearchServices\/DisplayDCTMContent?documentId=090000168045bb56\">Kielitaidon taitotasojen asteikko<\/a><\/p>\n<p>Testaa italian kielen osaamisesi <a href=\"https:\/\/italianoperstranieri.loescher.it\/uploads\/6\/2759_Test_per_la_valutazione_delle_competenze_lessicali_e_grammaticali.pdf\">t\u00e4\u00e4ll\u00e4<\/a>.<\/p>\n<p>&nbsp;<\/p>\n<p>&nbsp;<\/p>\n","protected":false},"excerpt":{"rendered":"Mik\u00e4 on taitotasosi italian kieless\u00e4? Kielitaidon taitotasojen asteikko Testaa italian kielen osaamisesi t\u00e4\u00e4ll\u00e4. &nbsp; &nbsp;","protected":false},"author":4,"featured_media":0,"parent":99,"menu_order":0,"comment_status":"closed","ping_status":"closed","template":"","meta":{"footnotes":""},"class_list":["post-294","page","type-page","status-publish","hentry"],"_links":{"self":[{"href":"https:\/\/iichelsinki.esteri.it\/fi\/wp-json\/wp\/v2\/pages\/294","targetHints":{"allow":["GET"]}}],"collection":[{"href":"https:\/\/iichelsinki.esteri.it\/fi\/wp-json\/wp\/v2\/pages"}],"about":[{"href":"https:\/\/iichelsinki.esteri.it\/fi\/wp-json\/wp\/v2\/types\/page"}],"author":[{"embeddable":true,"href":"https:\/\/iichelsinki.esteri.it\/fi\/wp-json\/wp\/v2\/users\/4"}],"replies":[{"embeddable":true,"href":"https:\/\/iichelsinki.esteri.it\/fi\/wp-json\/wp\/v2\/comments?post=294"}],"version-history":[{"count":2,"href":"https:\/\/iichelsinki.esteri.it\/fi\/wp-json\/wp\/v2\/pages\/294\/revisions"}],"predecessor-version":[{"id":2319,"href":"https:\/\/iichelsinki.esteri.it\/fi\/wp-json\/wp\/v2\/pages\/294\/revisions\/2319"}],"up":[{"embeddable":true,"href":"https:\/\/iichelsinki.esteri.it\/fi\/wp-json\/wp\/v2\/pages\/99"}],"wp:attachment":[{"href":"https:\/\/iichelsinki.esteri.it\/fi\/wp-json\/wp\/v2\/media?parent=294"}],"curies":[{"name":"wp","href":"https:\/\/api.w.org\/{rel}","templated":true}]}}