{"id":259,"date":"2023-09-08T13:50:09","date_gmt":"2023-09-08T10:50:09","guid":{"rendered":"https:\/\/iichelsinki.esteri.it\/?page_id=259"},"modified":"2025-10-09T12:43:48","modified_gmt":"2025-10-09T09:43:48","slug":"metodi-e-livelli","status":"publish","type":"page","link":"https:\/\/iichelsinki.esteri.it\/fi\/lingua-e-cultura\/i-corsi-di-lingua\/metodi-e-livelli\/","title":{"rendered":"Oppikirjat, kurssikuvaukset- ja tasot"},"content":{"rendered":"<p>Kielikurssien tasot vastaavat <a href=\"https:\/\/iichelsinki.esteri.it\/wp-content\/uploads\/2024\/04\/kielten_taitotasoasteikko.pdf\">eurooppalaisen viitekehyksen taitotasoja A1-C2<\/a>, jotka jakautuvat alatasoihin kuten A1.1 ja A1.2 jne. Kursseja l\u00f6ytyy aivan aloittelijoista hyvin edistyneelle tasolle saakka.<\/p>\n<p>A1-A2 perustaso<br \/>\nB1-B2 keskitaso<br \/>\nC1-C2 edistynyt taso<\/p>\n<p>Kaikkien opettajiemme \u00e4idinkieli on italia. Heill\u00e4 on italianopettajan p\u00e4tevyys sek\u00e4 opetuskokemusta. Opettajamme osaavat my\u00f6s suomea ja englantia helpottaakseen kommunikointia oppilaiden kanssa. Kursseilla k\u00e4ytett\u00e4v\u00e4t t\u00e4ysin italiankieliset oppimateriaalit edist\u00e4v\u00e4t kielen oppimista.<\/p>\n<p><strong>Oppikirjat:<\/strong><\/p>\n<p>Dieci A1 (ISBN: 9788861826212)<\/p>\n<p>Chiaro! A1 (ISBN: 9788861826236)<\/p>\n<p>Dieci A2 (ISBN: 9788861826335)<\/p>\n<p>Dieci B1 (ISBN: 9788861826656)<\/p>\n<p>Dieci B2 (ISBN: 9788861826687)<\/p>\n<p>Nuovo Espresso 5 (ISBN: 9788861827479)<\/p>\n<p>Nuovo Espresso 6 (ISBN: 9788861826106)<\/p>\n<p><span style=\"text-decoration: underline;\"><strong>Kev\u00e4t- ja syyslukukauden kurssit:<\/strong><\/span><\/p>\n<p><strong>Tasot A1-A2<\/strong><\/p>\n<p><strong>A1.1<\/strong><\/p>\n<p>Italian alkeiskurssi vasta-alkajille. Osallistujilta ei edellytet\u00e4 pohjatietoja italian kielest\u00e4. Kurssilla opitaan italian kielell\u00e4 kommunikoimisen perusteet, esim. tervehtiminen, itsens\u00e4 esitteleminen, henkil\u00f6tietojen kysyminen ja kertominen, kiitt\u00e4minen ja pahoittelu sek\u00e4 kahvilassa ja ravintolassa asiointi. Opiskeltavia rakenteita ovat mm. persoonapronominit, kysymyssanat, s\u00e4\u00e4nn\u00f6lliset verbit, substantiivien ja m\u00e4\u00e4r\u00e4isten artikkelien yksikk\u00f6 ja monikko. Lis\u00e4ksi opetellaan perusluvut sek\u00e4 prepositioita.<\/p>\n<p>Oppikirja: Dieci A1<\/p>\n<p><strong>A1.2<\/strong><\/p>\n<p>Alkeistason toinen kurssi sopii noin puoli vuotta opiskelleille ja kertaajille. Kertauksen j\u00e4lkeen jatketaan kielen perusasioiden opiskelua. Kasvatetaan sanavarastoa, laajennetaan kieliopin tuntemusta, harjoitellaan erilaisia kielenk\u00e4ytt\u00f6tilanteita ja tutustutaan Italiaan ja sen ihmisiin. Monipuolisia teht\u00e4vi\u00e4. Viestinn\u00e4lliset tavoitteet: vapaa-ajasta ja harrastuksista puhuminen, ruokaostosten tekeminen, paikan kuvaileminen, tien kysyminen ja neuvominen. Opiskeltavia rakenteita ovat mm. ep\u00e4s\u00e4\u00e4nn\u00f6lliset verbit, ajan ja paikan ilmaukset, prepositiot + m\u00e4\u00e4r\u00e4inen artikkeli, adjektiivien taipuminen ja monikon partitiivi. Lis\u00e4ksi opetellaan esim. viikonp\u00e4iv\u00e4t, kuukaudet ja suunnan ilmauksia.<\/p>\n<p>Oppikirja: Dieci A1<\/p>\n<p><strong>A1.3<\/strong><\/p>\n<p>Kurssi on suunnattu noin vuoden opiskelleille ja niille, joiden italian opinnoista on jo kulunut aikaa ja jotka haluavat kerrata perusasioita. Tavoitteena on kehitt\u00e4\u00e4 opiskelijoiden kielitaitoa niin kuuntelun, tekstin ymm\u00e4rt\u00e4misen kuin kirjallisen ja suullisen tuottamisen osalta. Viestinn\u00e4lliset tavoitteet ovat mm. paikkojen kuten kaupunkien ja niiden n\u00e4ht\u00e4vyyksien kuvailu, perheest\u00e4 ja yst\u00e4vist\u00e4 kertominen ja hotellihuoneen varaaminen. Opiskeltavia rakenteita ovat mm. <em>c\u2019\u00e8<\/em> ja <em>ci sono<\/em> -rakenteet, <em>venire<\/em>-, <em>volere<\/em>&#8211; ja <em>dovere<\/em>-verbit, prepositiorakenteet, demonstratiivi- ja omistuspronominit sek\u00e4 <em>si<\/em>-passiivimuoto.<\/p>\n<p>Oppikirja: Chiaro A1, kpl 8-10<\/p>\n<p><strong>A2.1<\/strong><\/p>\n<p>Kurssi soveltuu reilun vuoden jo opiskelleille, italian alkeet jo hallitseville opiskelijoille. Sanasto laajenee, uudet opittavat kielioppirakenteet monipuolistavat ilmaisua ja Italia tulee entist\u00e4 tutummaksi. Viestinn\u00e4lliset tavoitteet ovat mm. el\u00e4m\u00e4nvaiheista kertominen, persoonan kuvaus, ajan kuvaaminen. Opiskeltavia rakenteita ovat mm. komparatiivi- ja superlatiivimuodot, adverbien muodostus, imperfektin muodostus ja k\u00e4ytt\u00f6, liittoperfektin ja imperfektin ero sek\u00e4 konjunktiot.<\/p>\n<p>Oppikirja: Dieci A2<\/p>\n<p><strong>A2.2<\/strong><\/p>\n<p>Italian jatkokurssi noin 2 vuotta kielt\u00e4 opiskelleille ja kertaajille. Opiskelijoiden kielen ja kulttuurin tuntemus kehittyy, ja esimerkiksi vapaa-aikaan, kulttuuriin ja matkailuun liittyv\u00e4 sanavarasto kasvaa. Kurssin viestinn\u00e4llisin\u00e4 tavoitteina on mm.\u00a0 tapaamisen sopiminen, aikomuksen ilmaiseminen, lomamatkasta kertominen, neuvominen ja mielipiteen ilmaiseminen. Opiskeltavia rakenteita ovat mm. <em>stare<\/em> + gerundi, akkusatiivipronominit + liittoperfekti, relatiivipronominit, liittoperfektin ja imperfektin ero sek\u00e4 k\u00e4skyt ja kiellot sinuteltaessa ja teititelless\u00e4.<\/p>\n<p>Oppikirja: Dieci A2<\/p>\n<p><strong>A2.3<\/strong><\/p>\n<p>Monipuolisesti aktivoiva italian jatkokurssi, joka soveltuu yli 2 vuotta italiaa opiskelleille ja kertaajille. Kielitaidon kohentamisen lis\u00e4ksi kurssilla saa tietoa italialaisesta el\u00e4m\u00e4ntavasta ja kulttuurista. Viestinn\u00e4llisi\u00e4 tavoitteita ovat mm. median seuraaminen, asumiseen liittyv\u00e4t tilanteet, h\u00e4mm\u00e4styksen ja tyytym\u00e4tt\u00f6myyden ilmaiseminen, onnitteleminen ja kutsuun vastaaminen. Opiskeltavia rakenteita ovat mm. futuuri ja adjektiivin vertailumuodot sek\u00e4 verbiopin syvent\u00e4minen.<\/p>\n<p>Oppikirja: Dieci A2<\/p>\n<p><strong>Tasot B1-B2<\/strong><\/p>\n<p><strong>B1.1<\/strong><\/p>\n<p>Kurssi soveltuu italiaa noin 3 vuotta opiskelleille ja kertaajille. Kielitaitoa kehitet\u00e4\u00e4n kaikilla kielen osa-alueilla. Oppikirjan tekstien aiheina on mm. mielipiteiden ilmaisu, asioiden vertaaminen, elokuvan juonen ja TV-sarjojen kuvailu, internet-sanasto. Rakenteista opiskellaan mm. komparatiivi, relatiivipronomini <em>il quale<\/em>, aikamuodoista <em>trapassato<\/em> <em>prossimo<\/em>, <em>appena+passato prossimo, <\/em>konjunktiivi<em>.<\/em><\/p>\n<p>Oppikirja: Dieci B1, kpl 0-2<\/p>\n<p><strong>B1.2<\/strong><\/p>\n<p>Keskitason kurssi italiaa yli 3 vuotta opiskelleille ja kertaajille. Kielitaitoa kehitet\u00e4\u00e4n jo opittuja asioita vahvistaen ja uusia oppien kaikilla kielen osa-alueilla. Oppikirjan tekstien aiheena on mm. liikennesanasto, matkustustottumukset, neuvominen, taikausko, uskonto, kirjallisuus. Opiskeltavia rakenteita ovat mm. konjunktiivi preesensiss\u00e4 ja menneess\u00e4 aikamuodossa, pronominaaliverbit, si+<em>passato prossimo<\/em>.<\/p>\n<p>Oppikirja: Dieci B1, kpl 3-5<\/p>\n<p><strong>B1.3<\/strong><\/p>\n<p>Keskitason kurssi italiaa yli 3,5 vuotta opiskelleille ja kertaajille. Kielitaitoa kehitet\u00e4\u00e4n jo opittuja asioita vahvistaen ja uusia oppien kaikilla kielen osa-alueilla. Oppikirjan tekstien aiheena on mm. ymp\u00e4rist\u00f6 ja luonto, villiel\u00e4imet, arkkitehtuuri, ruokakulttuuri. Opiskeltavia rakenteita ovat mm. <em>bench\u00e9<\/em>+konjunktiivi, konditionaali, passiivi+<em>essere\/venire<\/em>.<\/p>\n<p>Oppikirja: Dieci B1, kpl 5-7<\/p>\n<p><strong>B2.1<\/strong><\/p>\n<p>Kurssi soveltuu italiaa yli 4 vuotta opiskelleille ja kertaajille. Kurssilla kehitet\u00e4\u00e4n edelleen keskustelutaitoja ja syvennet\u00e4\u00e4n italian kieliopin tuntemusta. Aiheina kurssilla k\u00e4sitell\u00e4\u00e4n matkailua ja teknologiaa. Opiskeltavia rakenteita ovat mm. konjunktiivin pluskvamperfekti ja yksinkertainen perfekti.<\/p>\n<p>Oppikirja: Dieci B2, kpl 0-2<\/p>\n<p><strong>B2.2<\/strong><\/p>\n<p>Edistyneen keskitason kurssi, joka sopii noin 5 vuotta opiskelleille ja kertaajille, joilla italian peruskielitaito on hallussa. Kielitaitoa kehitet\u00e4\u00e4n kaikilla kielen osa-alueilla. Oppikirjan tekstien aiheina ovat mm. politiikka ja urheilu. Opiskeltavia rakenteita ovat esim. <em>coloro che<\/em>, konjunktiivi, diminutiivi ja numeraalit.<\/p>\n<p>Oppikirja: Dieci B2, kpl 3-4<\/p>\n<p><strong>B2.3<\/strong><\/p>\n<p>Kurssi soveltuu yli 5 vuotta opiskelleille ja kertaajille, jotka haluavat kehitt\u00e4\u00e4 peruskielitaitoaan toimivammaksi ja itsen\u00e4isemm\u00e4ksi kaikilla sen osa-alueilla. Oppikirjan tekstien aiheena on mm. historia, urheilu, hyvinvointi ja teknologia, maahanmuutto ja humanit\u00e4\u00e4riset kriisit. Opiskeltavia rakenteita ovat mm. ep\u00e4suora tapaluokka, <em>entrambi\/e<\/em>, konjunktiivi, menneen ajan gerundi, possessiiviadjektiivi.<\/p>\n<p>Oppikirja: Dieci B2, kpl 5-7<\/p>\n<p><strong>Tasot C1-C2<\/strong><\/p>\n<p><strong>C1.1<\/strong><\/p>\n<p>Edistyneen tason kurssi italian kielen jo hyvin hallitseville. Kielt\u00e4 k\u00e4sitell\u00e4\u00e4n kurssilla monipuolisesti erilaisten teht\u00e4vien ja teemojen kautta sanastoa laajentaen ja kommunikaatiovalmiutta vahvistaen. Aiheina puhekieli, latinismit, urheilu ja italian kielen alueellisten varianttien tunnistaminen. Kurssilla k\u00e4sitell\u00e4\u00e4n kieliopin osalta mm. prefiksej\u00e4, augmentatiiveja, lohkolauseita, menneit\u00e4 aikamuotoja indikatiivissa.<\/p>\n<p>Oppikirja: Nuovo Espresso 5, kpl 1-3<\/p>\n<p><strong>C1.2<\/strong><\/p>\n<p>Edistyneen tason kurssi italian kielen jo hyvin hallitseville, jotka haluavat laajentaa kielellist\u00e4 osaamistaan ja syvent\u00e4\u00e4 Italian-tuntemustaan. Kurssilla tutustutaan mm. italialaiseen musiikkiin ja taiteen sek\u00e4 italialaiseen ruokaan. Kieliopin osalta syvennet\u00e4\u00e4n mm. konjunktiivin eri aikamuotoja, relatiivipronomineja sek\u00e4 suullista kielenk\u00e4ytt\u00f6\u00e4 rytmitt\u00e4vi\u00e4 ja s\u00e4vytt\u00e4vi\u00e4 t\u00e4ytesanoja ja -ilmaisuja.<\/p>\n<p>Oppikirja: Nuovo Espresso 5, kpl 4-6<\/p>\n<p><strong>C1.3<\/strong><\/p>\n<p>Kielen hienos\u00e4\u00e4t\u00f6\u00e4 ja kulttuurituntemuksen syvent\u00e4mist\u00e4 italian kielen hyvin ja itsen\u00e4isesti hallitseville opiskelijoille. Kirjan aiheet liikkuvat italian oopperamaailmassa ja naisten asemassa sek\u00e4 voimasanojen kulttuurisissa ja sosiolingvistisiss\u00e4 taustoissa. Kieliopissa k\u00e4sitell\u00e4\u00e4n mm. infinitiivin k\u00e4ytt\u00f6\u00e4, ehtolauseita, pronominaaliverbej\u00e4 sek\u00e4 tekstin v\u00e4limerkkej\u00e4 ja puheen rytmi\u00e4 ja intonaatiota.<\/p>\n<p>Oppikirja: Nuovo Espresso 5, kpl 7-10<\/p>\n<p><strong>C2.1<\/strong><\/p>\n<p>Kurssi soveltuu italian kielen hyvin ja itsen\u00e4isesti hallitseville opiskelijoille, jotka haluavat syvent\u00e4\u00e4 tietouttaan italian kielest\u00e4 ja kulttuurista ja hioa kielitaitoaan yh\u00e4 varmemmaksi ja idiomaattisemmaksi. Kurssin aihepiirej\u00e4 ovat mm.tiede sek\u00e4 uutiset, ja kieliopin osalta k\u00e4sitell\u00e4\u00e4n mm. konjunktiivin ja konditionaalin k\u00e4ytt\u00f6\u00e4.<\/p>\n<p>Oppikirja: Nuovo Espresso 6, kpl 1-3<\/p>\n<p><strong>C2.2<\/strong><\/p>\n<p>Kurssi soveltuu italian kielen itsen\u00e4isesti hallitseville opiskelijoille, jotka haluavat syvent\u00e4\u00e4 tietouttaan italian kielest\u00e4 ja kulttuurista ja hioa kielen nyansseja yh\u00e4 idiomaattisemmiksi. Kurssin aihepiirej\u00e4 ovat mm. italialainen kirjallisuus, stereotyypit ja elokuvamaailma. Kieliopin osalta k\u00e4sitell\u00e4\u00e4n mm. adverbeja ja pronomineja.<\/p>\n<p>Oppikirja: Nuovo Espresso 6, kpl 4-6<\/p>\n<p><strong>C2.3<\/strong><\/p>\n<p>Kurssi soveltuu italian kielen itsen\u00e4isesti hallitseville opiskelijoille, jotka haluavat syvent\u00e4\u00e4 tietouttaan italian kielest\u00e4 ja kulttuurista ja hioa kielen nyansseja yha idomaattisemmiksi. Kurssin aihepiirej\u00e4 ovat mm. italialainen virkakieli, italialaiset perinteet, italian kielen historia sek\u00e4 italialaiset dialektit. Kieliopin osalta k\u00e4sitell\u00e4\u00e4n mm. verbien k\u00e4ytt\u00f6\u00e4 ja j\u00e4lkiliitteit\u00e4.<\/p>\n<p>Oppikirja: Nuovo Espresso 6, kpl 7-10<\/p>\n<p><strong>Conversazione B1-B2 &#8211; Keskustelu ja kulttuuri<\/strong><\/p>\n<p>Tervetuloa italian kielen keskustelukursseille! Jos rakastat suullista ilmaisua ja haluat parantaa italian kielen ja kulttuurin tuntemustasi, n\u00e4m\u00e4 kurssit ovat sinua varten! Kursseilla kuunnellaan italialaista musiikkia, katsotaan ja kommentoidaan lyhyit\u00e4 videoita, luetaan artikkeleita ja opitaan lis\u00e4\u00e4 sanastoa. My\u00f6s opiskelijoiden ideat ovat tervetulleita. Opettaja jakaa kurssilla tarvittavat opiskelumateriaalit.<\/p>\n<p>Taitotaso: B1-B2<\/p>\n<p><strong>B1-C2 -kurssi<\/strong><\/p>\n<p>Kurssi soveltuu italiaa v\u00e4hint\u00e4\u00e4n nelj\u00e4 vuotta opiskelleille sek\u00e4 edistyneen tason opiskelijoille, jotka haluavat kerrata sanastoa ja kielioppia. My\u00f6s keskustelulle annetaan runsaasti tilaa.\u00a0 P\u00e4\u00e4aiheita ovat: kirjallisuus ja ymp\u00e4rist\u00f6. Kieliopin osalta k\u00e4sitell\u00e4\u00e4n mm. konjunktiivia ja ehtolausetta.<\/p>\n<p>Oppikirja: Dieci B1, kpl 7-8<\/p>\n<p><strong>Lyhytkurssit<\/strong><\/p>\n<p>Tervetuloa lyhytkursseillemme! Kurssit kehitt\u00e4v\u00e4t opiskelijoiden suullisia ja kirjallisia kommunikaatiotaitoja ja kurssien aiheina ovat Italian kulttuuri ja ajankohtaiset asiat. Kursseilla luetaan italialaista kirjallisuutta ja kehitet\u00e4\u00e4n opiskelijoiden kielitaitoa. Opettaja jakaa kurssilla tarvittavat opiskelumateriaalit.<\/p>\n<p>Taitotaso: B2-C2<\/p>\n<p>&nbsp;<\/p>\n","protected":false},"excerpt":{"rendered":"Kielikurssien tasot vastaavat eurooppalaisen viitekehyksen taitotasoja A1-C2, jotka jakautuvat alatasoihin kuten A1.1 ja A1.2 jne. Kursseja l\u00f6ytyy aivan aloittelijoista hyvin edistyneelle tasolle saakka. A1-A2 perustaso B1-B2 keskitaso C1-C2 edistynyt taso Kaikkien opettajiemme \u00e4idinkieli on italia. Heill\u00e4 on italianopettajan p\u00e4tevyys sek\u00e4 opetuskokemusta. Opettajamme osaavat my\u00f6s suomea ja englantia helpottaakseen kommunikointia oppilaiden kanssa. Kursseilla k\u00e4ytett\u00e4v\u00e4t t\u00e4ysin italiankieliset [&hellip;]","protected":false},"author":4,"featured_media":0,"parent":99,"menu_order":0,"comment_status":"closed","ping_status":"closed","template":"","meta":{"footnotes":""},"class_list":["post-259","page","type-page","status-publish","hentry"],"_links":{"self":[{"href":"https:\/\/iichelsinki.esteri.it\/fi\/wp-json\/wp\/v2\/pages\/259","targetHints":{"allow":["GET"]}}],"collection":[{"href":"https:\/\/iichelsinki.esteri.it\/fi\/wp-json\/wp\/v2\/pages"}],"about":[{"href":"https:\/\/iichelsinki.esteri.it\/fi\/wp-json\/wp\/v2\/types\/page"}],"author":[{"embeddable":true,"href":"https:\/\/iichelsinki.esteri.it\/fi\/wp-json\/wp\/v2\/users\/4"}],"replies":[{"embeddable":true,"href":"https:\/\/iichelsinki.esteri.it\/fi\/wp-json\/wp\/v2\/comments?post=259"}],"version-history":[{"count":6,"href":"https:\/\/iichelsinki.esteri.it\/fi\/wp-json\/wp\/v2\/pages\/259\/revisions"}],"predecessor-version":[{"id":5828,"href":"https:\/\/iichelsinki.esteri.it\/fi\/wp-json\/wp\/v2\/pages\/259\/revisions\/5828"}],"up":[{"embeddable":true,"href":"https:\/\/iichelsinki.esteri.it\/fi\/wp-json\/wp\/v2\/pages\/99"}],"wp:attachment":[{"href":"https:\/\/iichelsinki.esteri.it\/fi\/wp-json\/wp\/v2\/media?parent=259"}],"curies":[{"name":"wp","href":"https:\/\/api.w.org\/{rel}","templated":true}]}}