{"id":119,"date":"2023-04-03T20:32:25","date_gmt":"2023-04-03T17:32:25","guid":{"rendered":"https:\/\/iichelsinki.esteri.it\/amministrazione-trasparente\/"},"modified":"2024-05-27T13:15:50","modified_gmt":"2024-05-27T10:15:50","slug":"amministrazione-trasparente","status":"publish","type":"page","link":"https:\/\/iichelsinki.esteri.it\/fi\/amministrazione-trasparente\/","title":{"rendered":"L\u00e4pin\u00e4kyv\u00e4 hallinto"},"content":{"rendered":"<p>Vedasi versione italiana della pagina.<\/p>\n","protected":false},"excerpt":{"rendered":"Vedasi versione italiana della pagina.","protected":false},"author":1,"featured_media":0,"parent":0,"menu_order":10,"comment_status":"closed","ping_status":"closed","template":"","meta":{"footnotes":""},"class_list":["post-119","page","type-page","status-publish","hentry"],"_links":{"self":[{"href":"https:\/\/iichelsinki.esteri.it\/fi\/wp-json\/wp\/v2\/pages\/119","targetHints":{"allow":["GET"]}}],"collection":[{"href":"https:\/\/iichelsinki.esteri.it\/fi\/wp-json\/wp\/v2\/pages"}],"about":[{"href":"https:\/\/iichelsinki.esteri.it\/fi\/wp-json\/wp\/v2\/types\/page"}],"author":[{"embeddable":true,"href":"https:\/\/iichelsinki.esteri.it\/fi\/wp-json\/wp\/v2\/users\/1"}],"replies":[{"embeddable":true,"href":"https:\/\/iichelsinki.esteri.it\/fi\/wp-json\/wp\/v2\/comments?post=119"}],"version-history":[{"count":4,"href":"https:\/\/iichelsinki.esteri.it\/fi\/wp-json\/wp\/v2\/pages\/119\/revisions"}],"predecessor-version":[{"id":3567,"href":"https:\/\/iichelsinki.esteri.it\/fi\/wp-json\/wp\/v2\/pages\/119\/revisions\/3567"}],"wp:attachment":[{"href":"https:\/\/iichelsinki.esteri.it\/fi\/wp-json\/wp\/v2\/media?parent=119"}],"curies":[{"name":"wp","href":"https:\/\/api.w.org\/{rel}","templated":true}]}}