{"id":117,"date":"2023-04-03T20:33:35","date_gmt":"2023-04-03T18:33:35","guid":{"rendered":"https:\/\/iichelsinki.esteri.it\/news\/dall_istituto\/"},"modified":"2023-08-07T09:50:03","modified_gmt":"2023-08-07T07:50:03","slug":"dall_istituto","status":"publish","type":"page","link":"https:\/\/iichelsinki.esteri.it\/fi\/news\/dall_istituto\/","title":{"rendered":"Instituutilta"},"content":{"rendered":"        <div class=\"row\">\n\t\t\t<!-- Ricerca sedi post -->\n\t\t\t<div class=\"col-12 mt-4\">\n\t\t\t  <div class=\"callout callout-highlight note ricerca-esteri p-4\">\n                    <div class=\"callout-title\">\n                        <svg class=\"icon\">\n                            <use xlink:href=\"https:\/\/iichelsinki.esteri.it\/wp-content\/themes\/sedi-tema\/assets\/svg\/sprites.svg#it-search\"><\/use>\n                        <\/svg>Sy\u00f6t\u00e4 hakuparametrisi                    <\/div>\n                    <form id=\"searchFormPost\" name=\"form-search-post\" class=\"form-row align-items-center\" action=\"https:\/\/iichelsinki.esteri.it\/fi\/wp-json\/wp\/v2\/pages\/117\/\" method=\"GET\"> \n                        <!-- <div class=\"form-group pt-5\"> -->\n                            <!-- <input type=\"hidden\" id=\"lang\" name=\"lang\" value=\"\"> --> <!-- <\/div> -->\n\n                        <div class=\"it-datepicker-wrapper\">\n                            <div class=\"row\">\n                                <div class=\"form-group col-md-6\">\n                                    <label class=\"active\" for=\"date-init\">Alkaen<\/label>\n                                    <input class=\"form-control\" name=\"date-init\" id=\"date-init\" type=\"date\" placeholder=\"gg\/mm\/aaaa\" value=\"\"lang=\"en-EN\">  \n                                <\/div>\n                                <div class=\"form-group col-md-6\">\n                                    <label class=\"active\" for=\"date-end\">P\u00e4\u00e4ttyen<\/label>\n                                    <input class=\"form-control\" name=\"date-end\" id=\"date-end\" type=\"date\" placeholder=\"gg\/mm\/aaaa\" value=\"\">\n                                <\/div>\n                            <\/div>\n                        <\/div>\n                        <div class=\"form-group col-md-12 mt-3\">\n                            <label for=\"searchText\">Vapaasanahaku<\/label>\n                            <input type=\"text\" name=\"searchText\" class=\"form-control\" id=\"searchText\" value=\"\">\n                        <\/div>\n                        <div class=\"form-group col-md-4 offset-md-8 text-end\">\n                            <a href=\"https:\/\/iichelsinki.esteri.it\/fi\/news\/dall_istituto\/\" title=\"Form reset\" id=\"resetImput\" class=\"btn btn-outline-primary btn-xs\">Reset<\/a>\n                            <button type=\"submit\" class=\"btn btn-primary btn-xs\">Hae<\/button>\n                        <\/div>\n                    <\/form>\n\t\t\t\t<\/div>\n\t\t\t<\/div>\n\t\t<\/div>\n                    \n            <div class=\"row\">\n                            <div class=\"col-12 mt-3\">\n                <!--start card-->\n                <div class=\"card-wrapper card-space\">\n                    <div class=\"card card-bg card-big border-bottom-card\">\n                        <div class=\"card-body \">\n                                                        <div class=\"category-top\">\n                                                                                                            <span class=\"\">\n                                        <svg class=\"icon icon-secondary\">\n                                            <use xlink:href=\"https:\/\/iichelsinki.esteri.it\/wp-content\/themes\/sedi-tema\/assets\/svg\/sprites.svg#it-calendar\"><\/use>\n                                        <\/svg> 18 March 2026                                    <\/span>\n                                                                    <\/div>\n                            <h5 class=\"card-title big-heading text-uppercase\"><a class=\"text-body text-decoration-none\" href=\"https:\/\/iichelsinki.esteri.it\/fi\/news\/dall_istituto\/2026\/03\/italian-kulttuuri-instituutti\/\" title=\"Italian kulttuuri-instituutti\">Italian kulttuuri-instituutti<\/a><\/h5>\n                            <p class=\"card-text\">Kurssipaikka: Ullankatu 3 A 2, 00140 Helsinki Toimisto: Vuorimiehenkatu 11 B 10, 00140 Helsinki Vierailut: pyyd\u00e4mme varaamaan ajan etuk\u00e4teen s\u00e4hk\u00f6postitse: segr.iichelsinki@esteri.it Tapahtumaehdotukset Italian kulttuuri-instituutti vastaanottaa mielell\u00e4\u00e4n tapahtumaehdotuksia. Hakemuksissa on oltava lyhyt kuvaus tapahtumasta sek\u00e4 mahdolliset liitteet\/kuvat ja ne voi l\u00e4hett\u00e4\u00e4 meille s\u00e4hk\u00f6postitse osoitteeseen eventi.iichelsinki@esteri.it. Kiit\u00e4mme jo etuk\u00e4teen hakemusten l\u00e4hett\u00e4misest\u00e4. Saamme p\u00e4ivitt\u00e4in suuren m\u00e4\u00e4r\u00e4n hakemuksia ja [&hellip;]<\/p>\n                                <a title=\"Italian kulttuuri-instituutti\" class=\"read-more\" href=\"https:\/\/iichelsinki.esteri.it\/fi\/news\/dall_istituto\/2026\/03\/italian-kulttuuri-instituutti\/\">\n                                    <span class=\"text\">Lue lis\u00e4\u00e4<\/span>\n                                    <svg class=\"icon\">\n                                    <use xlink:href=\"https:\/\/iichelsinki.esteri.it\/wp-content\/themes\/sedi-tema\/assets\/svg\/sprites.svg#it-arrow-right\"><\/use>\n                                    <\/svg>\n                                <\/a>\n                                                    <\/div>\n                    <\/div>\n                <\/div>\n                <!--end card-->\n                <\/div><!-- col-12 .mt-3-->\n                            <div class=\"col-12 mt-3\">\n                <!--start card-->\n                <div class=\"card-wrapper card-space\">\n                    <div class=\"card card-bg card-big border-bottom-card\">\n                        <div class=\"card-body \">\n                                                        <div class=\"category-top\">\n                                                                                                            <span class=\"\">\n                                        <svg class=\"icon icon-secondary\">\n                                            <use xlink:href=\"https:\/\/iichelsinki.esteri.it\/wp-content\/themes\/sedi-tema\/assets\/svg\/sprites.svg#it-calendar\"><\/use>\n                                        <\/svg> 29 January 2026                                    <\/span>\n                                                                    <\/div>\n                            <h5 class=\"card-title big-heading text-uppercase\"><a class=\"text-body text-decoration-none\" href=\"https:\/\/iichelsinki.esteri.it\/fi\/news\/dall_istituto\/2026\/01\/call-for-applications-for-the-admission-to-the-english-taught-course-of-study-in-global-governance-l-16-class-political-sciences-of-the-department-of-economics-a\/\" title=\"CALL FOR APPLICATIONS FOR THE ADMISSION TO THE ENGLISH-TAUGHT COURSE OF STUDY IN \u201cGLOBAL GOVERNANCE\u201d (\u201cL-16 CLASS\u201d, POLITICAL SCIENCES) OF THE DEPARTMENT OF ECONOMICS AND FINANCE, SCHOOL OF ECONOMICS, TOR VERGATA UNIVERSITY OF ROME\">CALL FOR APPLICATIONS FOR THE ADMISSION TO THE ENGLISH-TAUGHT COURSE OF STUDY IN \u201cGLOBAL GOVERNANCE\u201d (\u201cL-16 CLASS\u201d, POLITICAL SCIENCES) OF THE DEPARTMENT OF ECONOMICS AND FINANCE, SCHOOL OF ECONOMICS, TOR VERGATA UNIVERSITY OF ROME<\/a><\/h5>\n                            <p class=\"card-text\">The public call for applications to enter the first year of the English-taught Course of Study in \u201cGlobal Governance\u201d (\u201cL-16 class\u201d, Administration and organization sciences) at Tor Vergata University of Rome (Department of Economics and Finance) for the academic year (a.y.) 2026\/2027 is now open. You can find further information here: https:\/\/economia.uniroma2.it\/ba\/globalgovernance\/apply-now\/<\/p>\n                                <a title=\"CALL FOR APPLICATIONS FOR THE ADMISSION TO THE ENGLISH-TAUGHT COURSE OF STUDY IN \u201cGLOBAL GOVERNANCE\u201d (\u201cL-16 CLASS\u201d, POLITICAL SCIENCES) OF THE DEPARTMENT OF ECONOMICS AND FINANCE, SCHOOL OF ECONOMICS, TOR VERGATA UNIVERSITY OF ROME\" class=\"read-more\" href=\"https:\/\/iichelsinki.esteri.it\/fi\/news\/dall_istituto\/2026\/01\/call-for-applications-for-the-admission-to-the-english-taught-course-of-study-in-global-governance-l-16-class-political-sciences-of-the-department-of-economics-a\/\">\n                                    <span class=\"text\">Lue lis\u00e4\u00e4<\/span>\n                                    <svg class=\"icon\">\n                                    <use xlink:href=\"https:\/\/iichelsinki.esteri.it\/wp-content\/themes\/sedi-tema\/assets\/svg\/sprites.svg#it-arrow-right\"><\/use>\n                                    <\/svg>\n                                <\/a>\n                                                    <\/div>\n                    <\/div>\n                <\/div>\n                <!--end card-->\n                <\/div><!-- col-12 .mt-3-->\n                            <div class=\"col-12 mt-3\">\n                <!--start card-->\n                <div class=\"card-wrapper card-space\">\n                    <div class=\"card card-bg card-big border-bottom-card\">\n                        <div class=\"card-body \">\n                                                        <div class=\"category-top\">\n                                                                                                            <span class=\"\">\n                                        <svg class=\"icon icon-secondary\">\n                                            <use xlink:href=\"https:\/\/iichelsinki.esteri.it\/wp-content\/themes\/sedi-tema\/assets\/svg\/sprites.svg#it-calendar\"><\/use>\n                                        <\/svg> 25 November 2025                                    <\/span>\n                                                                    <\/div>\n                            <h5 class=\"card-title big-heading text-uppercase\"><a class=\"text-body text-decoration-none\" href=\"https:\/\/iichelsinki.esteri.it\/fi\/news\/dall_istituto\/2025\/11\/kansainvalinen-paiva-naisiin-kohdistuvan-vakivallan-poistamiseksi\/\" title=\"Kansainv\u00e4linen p\u00e4iv\u00e4 naisiin kohdistuvan v\u00e4kivallan poistamiseksi\">Kansainv\u00e4linen p\u00e4iv\u00e4 naisiin kohdistuvan v\u00e4kivallan poistamiseksi<\/a><\/h5>\n                            <p class=\"card-text\">Naisten kohdistuvan v\u00e4kivallan poistamisen kansainv\u00e4lisen\u00e4 p\u00e4iv\u00e4n\u00e4 ulkoasiain- ja kansainv\u00e4lisen yhteisty\u00f6n ministeri Antonio Tajani vahvistaa Italian ja Farnesinan jatkuvan sitoutumisen ehk\u00e4isem\u00e4\u00e4n ja torjumaan kaikenlaista v\u00e4kivaltaa ja syrjint\u00e4\u00e4 naisia kohtaan, Italiassa ja maailmassa. \u201cNaisiin kohdistuva v\u00e4kivalta on ihmisoikeuksien loukkaus, jota ei voida hyv\u00e4ksy\u00e4, ja este yhteiskuntiemme kehitykselle. Italian on jatkettava eturintamassa sukupuolten tasa-arvon, naisten voimaantumisen ja haavoittuvimpien [&hellip;]<\/p>\n                                <a title=\"Kansainv\u00e4linen p\u00e4iv\u00e4 naisiin kohdistuvan v\u00e4kivallan poistamiseksi\" class=\"read-more\" href=\"https:\/\/iichelsinki.esteri.it\/fi\/news\/dall_istituto\/2025\/11\/kansainvalinen-paiva-naisiin-kohdistuvan-vakivallan-poistamiseksi\/\">\n                                    <span class=\"text\">Lue lis\u00e4\u00e4<\/span>\n                                    <svg class=\"icon\">\n                                    <use xlink:href=\"https:\/\/iichelsinki.esteri.it\/wp-content\/themes\/sedi-tema\/assets\/svg\/sprites.svg#it-arrow-right\"><\/use>\n                                    <\/svg>\n                                <\/a>\n                                                    <\/div>\n                    <\/div>\n                <\/div>\n                <!--end card-->\n                <\/div><!-- col-12 .mt-3-->\n                            <div class=\"col-12 mt-3\">\n                <!--start card-->\n                <div class=\"card-wrapper card-space\">\n                    <div class=\"card card-bg card-big border-bottom-card\">\n                        <div class=\"card-body \">\n                                                        <div class=\"category-top\">\n                                                                                                            <span class=\"\">\n                                        <svg class=\"icon icon-secondary\">\n                                            <use xlink:href=\"https:\/\/iichelsinki.esteri.it\/wp-content\/themes\/sedi-tema\/assets\/svg\/sprites.svg#it-calendar\"><\/use>\n                                        <\/svg> 10 July 2025                                    <\/span>\n                                                                    <\/div>\n                            <h5 class=\"card-title big-heading text-uppercase\"><a class=\"text-body text-decoration-none\" href=\"https:\/\/iichelsinki.esteri.it\/fi\/news\/dall_istituto\/2025\/07\/avviso-assunzione-di-1-impiegato-a-a-contratto-a-tempo-indeterminato\/\" title=\"AVVISO ASSUNZIONE DI 1 IMPIEGATO\/A A CONTRATTO A TEMPO INDETERMINATO\">AVVISO ASSUNZIONE DI 1 IMPIEGATO\/A A CONTRATTO A TEMPO INDETERMINATO<\/a><\/h5>\n                            <p class=\"card-text\">\u00c8 indetta una procedura di selezione per l\u2019assunzione, presso l\u2019Ambasciata d\u2019Italia a Helsinki, di n.\u00a01 impiegato\/a a contratto\u00a0a tempo indeterminato\u00a0da adibire ai servizi di collaboratore amministrativo nel settore contabilit\u00e0-manifestazioni culturali-traduzione presso l\u2019Istituto Italiano di Cultura di Helsinki La scadenza per la presentazione delle domande \u00e8 fissata alle ore\u00a023:59 (fuso orario di Helsinki)\u00a0del 9 agosto 2025. [&hellip;]<\/p>\n                                <a title=\"AVVISO ASSUNZIONE DI 1 IMPIEGATO\/A A CONTRATTO A TEMPO INDETERMINATO\" class=\"read-more\" href=\"https:\/\/iichelsinki.esteri.it\/fi\/news\/dall_istituto\/2025\/07\/avviso-assunzione-di-1-impiegato-a-a-contratto-a-tempo-indeterminato\/\">\n                                    <span class=\"text\">Lue lis\u00e4\u00e4<\/span>\n                                    <svg class=\"icon\">\n                                    <use xlink:href=\"https:\/\/iichelsinki.esteri.it\/wp-content\/themes\/sedi-tema\/assets\/svg\/sprites.svg#it-arrow-right\"><\/use>\n                                    <\/svg>\n                                <\/a>\n                                                    <\/div>\n                    <\/div>\n                <\/div>\n                <!--end card-->\n                <\/div><!-- col-12 .mt-3-->\n                            <div class=\"col-12 mt-3\">\n                <!--start card-->\n                <div class=\"card-wrapper card-space\">\n                    <div class=\"card card-bg card-big border-bottom-card\">\n                        <div class=\"card-body \">\n                                                        <div class=\"category-top\">\n                                                                                                            <span class=\"\">\n                                        <svg class=\"icon icon-secondary\">\n                                            <use xlink:href=\"https:\/\/iichelsinki.esteri.it\/wp-content\/themes\/sedi-tema\/assets\/svg\/sprites.svg#it-calendar\"><\/use>\n                                        <\/svg> 14 April 2025                                    <\/span>\n                                                                    <\/div>\n                            <h5 class=\"card-title big-heading text-uppercase\"><a class=\"text-body text-decoration-none\" href=\"https:\/\/iichelsinki.esteri.it\/fi\/news\/dall_istituto\/2025\/04\/sponsorointi-2025\/\" title=\"Sponsorointi 2025\">Sponsorointi 2025<\/a><\/h5>\n                            <p class=\"card-text\">Vuonna 2025 Italian Suurl\u00e4hetyst\u00f6n j\u00e4rjestett\u00e4vien tilaisuuksien sponsorointi-ilmoitus on julkaistu. Englanniksi:\u00a0CALL FOR SPONSORSHIP 2025. Hakemuslomake englanniksi\u00a0Annex1<\/p>\n                                <a title=\"Sponsorointi 2025\" class=\"read-more\" href=\"https:\/\/iichelsinki.esteri.it\/fi\/news\/dall_istituto\/2025\/04\/sponsorointi-2025\/\">\n                                    <span class=\"text\">Lue lis\u00e4\u00e4<\/span>\n                                    <svg class=\"icon\">\n                                    <use xlink:href=\"https:\/\/iichelsinki.esteri.it\/wp-content\/themes\/sedi-tema\/assets\/svg\/sprites.svg#it-arrow-right\"><\/use>\n                                    <\/svg>\n                                <\/a>\n                                                    <\/div>\n                    <\/div>\n                <\/div>\n                <!--end card-->\n                <\/div><!-- col-12 .mt-3-->\n                            <div class=\"col-12 mt-3\">\n                <!--start card-->\n                <div class=\"card-wrapper card-space\">\n                    <div class=\"card card-bg card-big border-bottom-card\">\n                        <div class=\"card-body \">\n                                                        <div class=\"category-top\">\n                                                                                                            <span class=\"\">\n                                        <svg class=\"icon icon-secondary\">\n                                            <use xlink:href=\"https:\/\/iichelsinki.esteri.it\/wp-content\/themes\/sedi-tema\/assets\/svg\/sprites.svg#it-calendar\"><\/use>\n                                        <\/svg> 26 November 2024                                    <\/span>\n                                                                    <\/div>\n                            <h5 class=\"card-title big-heading text-uppercase\"><a class=\"text-body text-decoration-none\" href=\"https:\/\/iichelsinki.esteri.it\/fi\/news\/dall_istituto\/2024\/11\/la-farnesina-e-le-ambasciate-aderiscono-alla-giornata-internazionale-per-leliminazione-della-violenza-contro-le-donne\/\" title=\"Italian ulkoasiain- ja kansainv\u00e4lisen yhteisty\u00f6n ministeri\u00f6 ja suurl\u00e4hetyst\u00f6t osallistuvat kansainv\u00e4liseen naisiin kohdistuvan v\u00e4kivallan vastaiseen p\u00e4iv\u00e4\u00e4n\">Italian ulkoasiain- ja kansainv\u00e4lisen yhteisty\u00f6n ministeri\u00f6 ja suurl\u00e4hetyst\u00f6t osallistuvat kansainv\u00e4liseen naisiin kohdistuvan v\u00e4kivallan vastaiseen p\u00e4iv\u00e4\u00e4n<\/a><\/h5>\n                            <p class=\"card-text\">Italian ulkoasiain- ja kansainv\u00e4lisen yhteisty\u00f6n ministeri\u00f6 osallistuu t\u00e4n\u00e4kin vuonna kansainv\u00e4lisen naisiin kohdistuvan v\u00e4kivallan vastaisen p\u00e4iv\u00e4n kampanjaan. Kuten Italian varap\u00e4\u00e4ministeri ja ulko- ja kansainv\u00e4lisen yhteisty\u00f6n ministeri Antonio Tajani totesi: \u201dItalian on oltava eturintamassa edist\u00e4m\u00e4ss\u00e4 sukupuolten tasa-arvoa ja naisten emansipaatiota sek\u00e4 erityisesti ehk\u00e4isem\u00e4ss\u00e4 ja torjumassa naisiin kohdistuvaa syrjint\u00e4\u00e4 ja v\u00e4kivaltaa sen kaikissa muodoissa\u201d. T\u00e4n\u00e4 vuonna teemaa k\u00e4sitell\u00e4\u00e4n [&hellip;]<\/p>\n                                <a title=\"Italian ulkoasiain- ja kansainv\u00e4lisen yhteisty\u00f6n ministeri\u00f6 ja suurl\u00e4hetyst\u00f6t osallistuvat kansainv\u00e4liseen naisiin kohdistuvan v\u00e4kivallan vastaiseen p\u00e4iv\u00e4\u00e4n\" class=\"read-more\" href=\"https:\/\/iichelsinki.esteri.it\/fi\/news\/dall_istituto\/2024\/11\/la-farnesina-e-le-ambasciate-aderiscono-alla-giornata-internazionale-per-leliminazione-della-violenza-contro-le-donne\/\">\n                                    <span class=\"text\">Lue lis\u00e4\u00e4<\/span>\n                                    <svg class=\"icon\">\n                                    <use xlink:href=\"https:\/\/iichelsinki.esteri.it\/wp-content\/themes\/sedi-tema\/assets\/svg\/sprites.svg#it-arrow-right\"><\/use>\n                                    <\/svg>\n                                <\/a>\n                                                    <\/div>\n                    <\/div>\n                <\/div>\n                <!--end card-->\n                <\/div><!-- col-12 .mt-3-->\n                            <div class=\"col-12 mt-3\">\n                <!--start card-->\n                <div class=\"card-wrapper card-space\">\n                    <div class=\"card card-bg card-big border-bottom-card\">\n                        <div class=\"card-body \">\n                                                        <div class=\"category-top\">\n                                                                                                            <span class=\"\">\n                                        <svg class=\"icon icon-secondary\">\n                                            <use xlink:href=\"https:\/\/iichelsinki.esteri.it\/wp-content\/themes\/sedi-tema\/assets\/svg\/sprites.svg#it-calendar\"><\/use>\n                                        <\/svg> 9 August 2024                                    <\/span>\n                                                                    <\/div>\n                            <h5 class=\"card-title big-heading text-uppercase\"><a class=\"text-body text-decoration-none\" href=\"https:\/\/iichelsinki.esteri.it\/fi\/news\/dall_istituto\/2024\/08\/alumni-farnesina-online-platform-available-from-december-4th-2023\/\" title=\"\u201cAlumni Farnesina\u201d online platform available from December 4th 2023\">\u201cAlumni Farnesina\u201d online platform available from December 4th 2023<\/a><\/h5>\n                            <p class=\"card-text\">\u201cAlumni Farnesina,\u201d an online platform launched by the Ministry of Foreign Affairs and International Cooperation in collaboration with Uni-Italia, is available from December 4. The project is dedicated to the beneficiaries of past editions of the MAECI scholarship program, which has involved thousands of students from more than 100 countries since 1955. It aims to [&hellip;]<\/p>\n                                <a title=\"\u201cAlumni Farnesina\u201d online platform available from December 4th 2023\" class=\"read-more\" href=\"https:\/\/iichelsinki.esteri.it\/fi\/news\/dall_istituto\/2024\/08\/alumni-farnesina-online-platform-available-from-december-4th-2023\/\">\n                                    <span class=\"text\">Lue lis\u00e4\u00e4<\/span>\n                                    <svg class=\"icon\">\n                                    <use xlink:href=\"https:\/\/iichelsinki.esteri.it\/wp-content\/themes\/sedi-tema\/assets\/svg\/sprites.svg#it-arrow-right\"><\/use>\n                                    <\/svg>\n                                <\/a>\n                                                    <\/div>\n                    <\/div>\n                <\/div>\n                <!--end card-->\n                <\/div><!-- col-12 .mt-3-->\n            \n            <div class=\"col-md-12 mt-4 pb-4\">\n                <nav class=\"navigation col-md-12\" aria-label=\"Navigation\">\n                    <h2 class=\"screen-reader-text visually-hidden\">Pagination<\/h2>\n                    <div class=\"nav-links\">\n                                        <\/div>\n                <\/nav>\n            <\/div>   <!--.col-md-12 -->\n              <\/div><!--.row -->\n              \n","protected":false},"excerpt":{"rendered":"","protected":false},"author":1,"featured_media":0,"parent":116,"menu_order":0,"comment_status":"closed","ping_status":"closed","template":"","meta":{"footnotes":""},"class_list":["post-117","page","type-page","status-publish","hentry"],"_links":{"self":[{"href":"https:\/\/iichelsinki.esteri.it\/fi\/wp-json\/wp\/v2\/pages\/117","targetHints":{"allow":["GET"]}}],"collection":[{"href":"https:\/\/iichelsinki.esteri.it\/fi\/wp-json\/wp\/v2\/pages"}],"about":[{"href":"https:\/\/iichelsinki.esteri.it\/fi\/wp-json\/wp\/v2\/types\/page"}],"author":[{"embeddable":true,"href":"https:\/\/iichelsinki.esteri.it\/fi\/wp-json\/wp\/v2\/users\/1"}],"replies":[{"embeddable":true,"href":"https:\/\/iichelsinki.esteri.it\/fi\/wp-json\/wp\/v2\/comments?post=117"}],"version-history":[{"count":1,"href":"https:\/\/iichelsinki.esteri.it\/fi\/wp-json\/wp\/v2\/pages\/117\/revisions"}],"predecessor-version":[{"id":125,"href":"https:\/\/iichelsinki.esteri.it\/fi\/wp-json\/wp\/v2\/pages\/117\/revisions\/125"}],"up":[{"embeddable":true,"href":"https:\/\/iichelsinki.esteri.it\/fi\/wp-json\/wp\/v2\/pages\/116"}],"wp:attachment":[{"href":"https:\/\/iichelsinki.esteri.it\/fi\/wp-json\/wp\/v2\/media?parent=117"}],"curies":[{"name":"wp","href":"https:\/\/api.w.org\/{rel}","templated":true}]}}