{"id":115,"date":"2023-04-03T20:52:42","date_gmt":"2023-04-03T17:52:42","guid":{"rendered":"https:\/\/iichelsinki.esteri.it\/gli_eventi\/calendario\/"},"modified":"2024-11-08T19:21:33","modified_gmt":"2024-11-08T17:21:33","slug":"calendario","status":"publish","type":"page","link":"https:\/\/iichelsinki.esteri.it\/fi\/gli_eventi\/calendario\/","title":{"rendered":"Ohjelmistossa"},"content":{"rendered":"        <div class=\"row\">\n\t\t\t<!-- Ricerca sedi post -->\n\t\t\t<div class=\"col-12 mt-4\">\n\t\t\t  <div class=\"callout callout-highlight note ricerca-esteri p-4\">\n                    <div class=\"callout-title\">\n                        <svg class=\"icon\">\n                            <use xlink:href=\"https:\/\/iichelsinki.esteri.it\/wp-content\/themes\/sedi-tema\/assets\/svg\/sprites.svg#it-search\"><\/use>\n                        <\/svg>Sy\u00f6t\u00e4 hakuparametrisi                    <\/div>\n                    <form id=\"searchFormPost\" name=\"form-search-post\" class=\"form-row align-items-center\" action=\"https:\/\/iichelsinki.esteri.it\/fi\/wp-json\/wp\/v2\/pages\/115\/\" method=\"GET\"> \n                        <!-- <div class=\"form-group pt-5\"> -->\n                            <!-- <input type=\"hidden\" id=\"lang\" name=\"lang\" value=\"\"> --> <!-- <\/div> -->\n\n                        <div class=\"it-datepicker-wrapper\">\n                            <div class=\"row\">\n                                <div class=\"form-group col-md-6\">\n                                    <label class=\"active\" for=\"date-init\">Alkaen<\/label>\n                                    <input class=\"form-control\" name=\"date-init\" id=\"date-init\" type=\"date\" placeholder=\"gg\/mm\/aaaa\" value=\"\"lang=\"en-EN\">  \n                                <\/div>\n                                <div class=\"form-group col-md-6\">\n                                    <label class=\"active\" for=\"date-end\">P\u00e4\u00e4ttyen<\/label>\n                                    <input class=\"form-control\" name=\"date-end\" id=\"date-end\" type=\"date\" placeholder=\"gg\/mm\/aaaa\" value=\"\">\n                                <\/div>\n                            <\/div>\n                        <\/div>\n                        <div class=\"form-group col-md-12 mt-3\">\n                            <label for=\"searchText\">Vapaasanahaku<\/label>\n                            <input type=\"text\" name=\"searchText\" class=\"form-control\" id=\"searchText\" value=\"\">\n                        <\/div>\n                        <div class=\"form-group col-md-4 offset-md-8 text-end\">\n                            <a href=\"https:\/\/iichelsinki.esteri.it\/fi\/gli_eventi\/calendario\/\" title=\"Form reset\" id=\"resetImput\" class=\"btn btn-outline-primary btn-xs\">Reset<\/a>\n                            <button type=\"submit\" class=\"btn btn-primary btn-xs\">Hae<\/button>\n                        <\/div>\n                    <\/form>\n\t\t\t\t<\/div>\n\t\t\t<\/div>\n\t\t<\/div>\n                    \n            <div class=\"row\">\n                            <div class=\"col-12 mt-3\">\n                <!--start card-->\n                <div class=\"card-wrapper card-space\">\n                    <div class=\"card card-bg card-big border-bottom-card\">\n                        <div class=\"card-body row\">\n                                                    <div class=\"col-sm-3\">\n                                <div class=\"img-responsive\">\n                                    <figure class=\"img-wrapper\">\n                                        <a href=\"https:\/\/iichelsinki.esteri.it\/fi\/gli_eventi\/calendario\/listante-infinito-ritratti-aareton-hetki-muotokuvat-lia-pasqualino\/\" title=\"Lue artikkeli: L\u2019istante infinito. Ritratti (\u00c4\u00e4ret\u00f6n hetki. Muotokuvat)- Lia Pasqualino\">\n                                                                                            <img loading=\"lazy\" decoding=\"async\" width=\"300\" height=\"212\" src=\"https:\/\/iichelsinki.esteri.it\/wp-content\/uploads\/2026\/04\/FIN-poster-300x212.jpg\" srcset=\"https:\/\/iichelsinki.esteri.it\/wp-content\/uploads\/2026\/04\/FIN-poster.jpg 1920w, https:\/\/iichelsinki.esteri.it\/wp-content\/uploads\/2026\/04\/FIN-poster-300x212.jpg 300w, https:\/\/iichelsinki.esteri.it\/wp-content\/uploads\/2026\/04\/FIN-poster-1024x724.jpg 1024w, https:\/\/iichelsinki.esteri.it\/wp-content\/uploads\/2026\/04\/FIN-poster-768x543.jpg 768w\" sizes=\"auto, (max-width: 1920px) 100vw, 1920px\"  title=\"FIN poster\" alt=\"\" class=\"img-fluid\">\n                                                                                    <\/a>\n                                    <\/figure>\n                                <\/div>\n                            <\/div>\n                            <div class=\"col-sm-9\">\n                                                            <div class=\"category-top\">\n                                    <span class=\"fw-bold text-success\">K\u00e4ynniss\u00e4<\/span>                                                                        <span class=\"data\">\n                                        <svg class=\"icon icon-secondary\">\n                                            <use xlink:href=\"https:\/\/iichelsinki.esteri.it\/wp-content\/themes\/sedi-tema\/assets\/svg\/sprites.svg#it-calendar\"><\/use>\n                                        <\/svg> Tue Apr 28 2026<svg class=\"icon icon-xs icon-secondary me-1 ms-1\"><use href=\"https:\/\/iichelsinki.esteri.it\/wp-content\/themes\/sedi-tema\/assets\/svg\/sprites.svg#it-arrow-right\"><\/use><\/svg>Sat May 30 2026                                    <\/span>\n                                                                    <\/div>\n                            <h5 class=\"card-title big-heading text-uppercase\"><a class=\"text-body text-decoration-none\" href=\"https:\/\/iichelsinki.esteri.it\/fi\/gli_eventi\/calendario\/listante-infinito-ritratti-aareton-hetki-muotokuvat-lia-pasqualino\/\" title=\"L\u2019istante infinito. Ritratti (\u00c4\u00e4ret\u00f6n hetki. Muotokuvat)- Lia Pasqualino\">L\u2019istante infinito. Ritratti (\u00c4\u00e4ret\u00f6n hetki. Muotokuvat)- Lia Pasqualino<\/a><\/h5>\n                            <p class=\"card-text\">Italian kulttuuri-instituutilla on ilo tuoda Helsinkiin italialaisen valokuvaajan Lia Pasqualinon n\u00e4yttely L\u2019istante infinito. Ritratti (\u00c4\u00e4ret\u00f6n hetki. Muotokuvat). N\u00e4yttely on esill\u00e4 Musiikkitalossa 28.04-30.05.2026. Kyseinen valokuvan\u00e4yttely on laaja retrospektiivi taitelleen omistautuneen valokuvaaja Pasqualinon tuotannosta. Pasqualino, joka on opiskellut valokuvausta Letizia Battaglian johdolla, on tehnyt muotokuvasta ainutlaatuisen tavan tutkia ihmisyytt\u00e4. Muotokuva paljastuksena Italialais-tanskalaisen Lia Pasqualinon tuotanto sekoittaa muotokuvaa [&hellip;]<\/p>\n                                <a title=\"L\u2019istante infinito. Ritratti (\u00c4\u00e4ret\u00f6n hetki. Muotokuvat)- Lia Pasqualino\" class=\"read-more\" href=\"https:\/\/iichelsinki.esteri.it\/fi\/gli_eventi\/calendario\/listante-infinito-ritratti-aareton-hetki-muotokuvat-lia-pasqualino\/\">\n                                    <span class=\"text\">Lue lis\u00e4\u00e4<\/span>\n                                    <svg class=\"icon\">\n                                    <use xlink:href=\"https:\/\/iichelsinki.esteri.it\/wp-content\/themes\/sedi-tema\/assets\/svg\/sprites.svg#it-arrow-right\"><\/use>\n                                    <\/svg>\n                                <\/a>\n                                                        <\/div>\n                                                    <\/div>\n                    <\/div>\n                <\/div>\n                <!--end card-->\n                <\/div><!-- col-12 .mt-3-->\n                            <div class=\"col-12 mt-3\">\n                <!--start card-->\n                <div class=\"card-wrapper card-space\">\n                    <div class=\"card card-bg card-big border-bottom-card\">\n                        <div class=\"card-body row\">\n                                                    <div class=\"col-sm-3\">\n                                <div class=\"img-responsive\">\n                                    <figure class=\"img-wrapper\">\n                                        <a href=\"https:\/\/iichelsinki.esteri.it\/fi\/gli_eventi\/calendario\/haikaiseva-oopperan-maailmantahti-amerikkalaissopraano-lisette-oropesa-konsertoi-musiikkitalossa\/\" title=\"Lue artikkeli: Kuuluisa amerikkalaissopraano Lisette Oropesa ja italialainen pianisti Alessandro Pratic\u00f2 konsertoi Musiikkitalossa\">\n                                                                                            <img loading=\"lazy\" decoding=\"async\" width=\"300\" height=\"169\" src=\"https:\/\/iichelsinki.esteri.it\/wp-content\/uploads\/2026\/05\/202408-02-portrait-lisette-oropesa-web-300x169.jpg\" srcset=\"https:\/\/iichelsinki.esteri.it\/wp-content\/uploads\/2026\/05\/202408-02-portrait-lisette-oropesa-web.jpg 1914w, https:\/\/iichelsinki.esteri.it\/wp-content\/uploads\/2026\/05\/202408-02-portrait-lisette-oropesa-web-300x169.jpg 300w, https:\/\/iichelsinki.esteri.it\/wp-content\/uploads\/2026\/05\/202408-02-portrait-lisette-oropesa-web-1024x576.jpg 1024w, https:\/\/iichelsinki.esteri.it\/wp-content\/uploads\/2026\/05\/202408-02-portrait-lisette-oropesa-web-768x432.jpg 768w\" sizes=\"auto, (max-width: 1914px) 100vw, 1914px\"  title=\"202408-02-portrait-lisette-oropesa-web\" alt=\"\" class=\"img-fluid\">\n                                                                                    <\/a>\n                                    <\/figure>\n                                <\/div>\n                            <\/div>\n                            <div class=\"col-sm-9\">\n                                                            <div class=\"category-top\">\n                                    <span class=\"fw-bold \"><\/span>                                                                        <span class=\"\">\n                                        <svg class=\"icon icon-secondary\">\n                                            <use xlink:href=\"https:\/\/iichelsinki.esteri.it\/wp-content\/themes\/sedi-tema\/assets\/svg\/sprites.svg#it-calendar\"><\/use>\n                                        <\/svg> Sun May 24 2026<svg class=\"icon icon-xs icon-secondary me-1 ms-1\"><use href=\"https:\/\/iichelsinki.esteri.it\/wp-content\/themes\/sedi-tema\/assets\/svg\/sprites.svg#it-arrow-right\"><\/use><\/svg>Sun May 24 2026                                    <\/span>\n                                                                    <\/div>\n                            <h5 class=\"card-title big-heading text-uppercase\"><a class=\"text-body text-decoration-none\" href=\"https:\/\/iichelsinki.esteri.it\/fi\/gli_eventi\/calendario\/haikaiseva-oopperan-maailmantahti-amerikkalaissopraano-lisette-oropesa-konsertoi-musiikkitalossa\/\" title=\"Kuuluisa amerikkalaissopraano Lisette Oropesa ja italialainen pianisti Alessandro Pratic\u00f2 konsertoi Musiikkitalossa\">Kuuluisa amerikkalaissopraano Lisette Oropesa ja italialainen pianisti Alessandro Pratic\u00f2 konsertoi Musiikkitalossa<\/a><\/h5>\n                            <p class=\"card-text\">Amerikkalainen sopraano Lisette Oropesa ja italialainen pianisti Alessandro Pratic\u00f2 kuljettavat kuulijan matkalle bel cantosta romanttiseen oopperaan. Ohjelma korostaa italialaisen lauluperinteen ilmaisun kauneutta, rikkaita nyansseja ja vokaalista eleganssia aina Rossinin hienostuneesta lyyrisyydest\u00e4 ja leikillisyydest\u00e4 Bellinin pitkiin melodisiin kulkuihin. Konsertin j\u00e4lkipuolella draaman kaari syvenee charmikkaaseen Donizettiin, Meyerbeerin ranskalaisiin sankarittariin, Mercadanten intiimeihin romanttisiin kappaleisiin ja Verdin I masnadieri [&hellip;]<\/p>\n                                <a title=\"Kuuluisa amerikkalaissopraano Lisette Oropesa ja italialainen pianisti Alessandro Pratic\u00f2 konsertoi Musiikkitalossa\" class=\"read-more\" href=\"https:\/\/iichelsinki.esteri.it\/fi\/gli_eventi\/calendario\/haikaiseva-oopperan-maailmantahti-amerikkalaissopraano-lisette-oropesa-konsertoi-musiikkitalossa\/\">\n                                    <span class=\"text\">Lue lis\u00e4\u00e4<\/span>\n                                    <svg class=\"icon\">\n                                    <use xlink:href=\"https:\/\/iichelsinki.esteri.it\/wp-content\/themes\/sedi-tema\/assets\/svg\/sprites.svg#it-arrow-right\"><\/use>\n                                    <\/svg>\n                                <\/a>\n                                                        <\/div>\n                                                    <\/div>\n                    <\/div>\n                <\/div>\n                <!--end card-->\n                <\/div><!-- col-12 .mt-3-->\n                            <div class=\"col-12 mt-3\">\n                <!--start card-->\n                <div class=\"card-wrapper card-space\">\n                    <div class=\"card card-bg card-big border-bottom-card\">\n                        <div class=\"card-body row\">\n                                                    <div class=\"col-sm-3\">\n                                <div class=\"img-responsive\">\n                                    <figure class=\"img-wrapper\">\n                                        <a href=\"https:\/\/iichelsinki.esteri.it\/fi\/gli_eventi\/calendario\/kirjaesittely-valoa-italiasta-suomen-kultakauden-taiteeseen\/\" title=\"Lue artikkeli: Kirjaesittely: VALOA ITALIASTA &#8211; Suomen kultakauden taiteeseen\">\n                                                                                            <img loading=\"lazy\" decoding=\"async\" width=\"294\" height=\"300\" src=\"https:\/\/iichelsinki.esteri.it\/wp-content\/uploads\/2026\/05\/Valoa-Italiasta-kansikuva-294x300.jpg\" srcset=\"https:\/\/iichelsinki.esteri.it\/wp-content\/uploads\/2026\/05\/Valoa-Italiasta-kansikuva.jpg 1772w, https:\/\/iichelsinki.esteri.it\/wp-content\/uploads\/2026\/05\/Valoa-Italiasta-kansikuva-294x300.jpg 294w, https:\/\/iichelsinki.esteri.it\/wp-content\/uploads\/2026\/05\/Valoa-Italiasta-kansikuva-1002x1024.jpg 1002w, https:\/\/iichelsinki.esteri.it\/wp-content\/uploads\/2026\/05\/Valoa-Italiasta-kansikuva-768x785.jpg 768w\" sizes=\"auto, (max-width: 1772px) 100vw, 1772px\"  title=\"Valoa Italiasta kansikuva\" alt=\"\" class=\"img-fluid\">\n                                                                                    <\/a>\n                                    <\/figure>\n                                <\/div>\n                            <\/div>\n                            <div class=\"col-sm-9\">\n                                                            <div class=\"category-top\">\n                                    <span class=\"fw-bold \"><\/span>                                                                        <span class=\"\">\n                                        <svg class=\"icon icon-secondary\">\n                                            <use xlink:href=\"https:\/\/iichelsinki.esteri.it\/wp-content\/themes\/sedi-tema\/assets\/svg\/sprites.svg#it-calendar\"><\/use>\n                                        <\/svg> Fri Jun 05 2026<svg class=\"icon icon-xs icon-secondary me-1 ms-1\"><use href=\"https:\/\/iichelsinki.esteri.it\/wp-content\/themes\/sedi-tema\/assets\/svg\/sprites.svg#it-arrow-right\"><\/use><\/svg>Fri Jun 05 2026                                    <\/span>\n                                                                    <\/div>\n                            <h5 class=\"card-title big-heading text-uppercase\"><a class=\"text-body text-decoration-none\" href=\"https:\/\/iichelsinki.esteri.it\/fi\/gli_eventi\/calendario\/kirjaesittely-valoa-italiasta-suomen-kultakauden-taiteeseen\/\" title=\"Kirjaesittely: VALOA ITALIASTA &#8211; Suomen kultakauden taiteeseen\">Kirjaesittely: VALOA ITALIASTA &#8211; Suomen kultakauden taiteeseen<\/a><\/h5>\n                            <p class=\"card-text\">Uusimmassa kirjassaan Valoa Italiasta Pirjo ja Reijo Toivanen\u00a0 kertovat vuosista, jolloin kultakauden suomalaiset taiteilijat olivat maailmalla tuntemattomia, taiteellisella polullaan viel\u00e4 enemm\u00e4n tai v\u00e4hemm\u00e4n etsij\u00f6it\u00e4. Kirjassa keskityt\u00e4\u00e4n vuosiin 1898-1905. Tuolloin Suomi oli osa Ven\u00e4j\u00e4n keisarikuntaa, sen suuriruhtinaskunta. Italiaan taiteilijat asettuivat useimmiten kuukausiksi. Vaikutteiden lis\u00e4ksi he etsiv\u00e4t rauhaa, lepoa ja irtiottoa sortokauden tai henkil\u00f6kohtaisen el\u00e4m\u00e4ntilanteensa tunnelmista. Keskin\u00e4inen [&hellip;]<\/p>\n                                <a title=\"Kirjaesittely: VALOA ITALIASTA &#8211; Suomen kultakauden taiteeseen\" class=\"read-more\" href=\"https:\/\/iichelsinki.esteri.it\/fi\/gli_eventi\/calendario\/kirjaesittely-valoa-italiasta-suomen-kultakauden-taiteeseen\/\">\n                                    <span class=\"text\">Lue lis\u00e4\u00e4<\/span>\n                                    <svg class=\"icon\">\n                                    <use xlink:href=\"https:\/\/iichelsinki.esteri.it\/wp-content\/themes\/sedi-tema\/assets\/svg\/sprites.svg#it-arrow-right\"><\/use>\n                                    <\/svg>\n                                <\/a>\n                                                        <\/div>\n                                                    <\/div>\n                    <\/div>\n                <\/div>\n                <!--end card-->\n                <\/div><!-- col-12 .mt-3-->\n                            <div class=\"col-12 mt-3\">\n                <!--start card-->\n                <div class=\"card-wrapper card-space\">\n                    <div class=\"card card-bg card-big border-bottom-card\">\n                        <div class=\"card-body row\">\n                                                    <div class=\"col-sm-3\">\n                                <div class=\"img-responsive\">\n                                    <figure class=\"img-wrapper\">\n                                        <a href=\"https:\/\/iichelsinki.esteri.it\/fi\/gli_eventi\/calendario\/mozart-mozart\/\" title=\"Lue artikkeli: Mozart Mozart\">\n                                                                                            <img loading=\"lazy\" decoding=\"async\" width=\"212\" height=\"300\" src=\"https:\/\/iichelsinki.esteri.it\/wp-content\/uploads\/2026\/05\/MozartMozart_Juliste-212x300.png\" srcset=\"https:\/\/iichelsinki.esteri.it\/wp-content\/uploads\/2026\/05\/MozartMozart_Juliste.png 1414w, https:\/\/iichelsinki.esteri.it\/wp-content\/uploads\/2026\/05\/MozartMozart_Juliste-212x300.png 212w, https:\/\/iichelsinki.esteri.it\/wp-content\/uploads\/2026\/05\/MozartMozart_Juliste-724x1024.png 724w, https:\/\/iichelsinki.esteri.it\/wp-content\/uploads\/2026\/05\/MozartMozart_Juliste-768x1086.png 768w\" sizes=\"auto, (max-width: 1414px) 100vw, 1414px\"  title=\"MozartMozart_Juliste\" alt=\"\" class=\"img-fluid\">\n                                                                                    <\/a>\n                                    <\/figure>\n                                <\/div>\n                            <\/div>\n                            <div class=\"col-sm-9\">\n                                                            <div class=\"category-top\">\n                                    <span class=\"fw-bold \"><\/span>                                                                        <span class=\"\">\n                                        <svg class=\"icon icon-secondary\">\n                                            <use xlink:href=\"https:\/\/iichelsinki.esteri.it\/wp-content\/themes\/sedi-tema\/assets\/svg\/sprites.svg#it-calendar\"><\/use>\n                                        <\/svg> Wed Jun 10 2026<svg class=\"icon icon-xs icon-secondary me-1 ms-1\"><use href=\"https:\/\/iichelsinki.esteri.it\/wp-content\/themes\/sedi-tema\/assets\/svg\/sprites.svg#it-arrow-right\"><\/use><\/svg>Sat Jun 13 2026                                    <\/span>\n                                                                    <\/div>\n                            <h5 class=\"card-title big-heading text-uppercase\"><a class=\"text-body text-decoration-none\" href=\"https:\/\/iichelsinki.esteri.it\/fi\/gli_eventi\/calendario\/mozart-mozart\/\" title=\"Mozart Mozart\">Mozart Mozart<\/a><\/h5>\n                            <p class=\"card-text\">Susanna Leinonen Companyn vieraileva koreografi Luca Signoretti tuo kes\u00e4kuussa Tanssin talon Erkko-saliin\u00a0Mozart Mozart\u00a0-teoksensa, joka saa uuden tulkinnan ryhm\u00e4n tanssijoiden esitt\u00e4m\u00e4n\u00e4. Kansainv\u00e4lisesti palkitun Signorettin mestarillinen liikekieli rakentaa klassiseen balettiin pohjautuvaa dynaamista ja leikkis\u00e4\u00e4 liikett\u00e4 Mozartin ajattomaan, rakastettuun musiikkiin. Mozart Mozart\u00a0on matka s\u00e4velt\u00e4j\u00e4neron ristiriitaiseen universumiin. Koreografia kasvaa kuin crescendo: pienist\u00e4 ja herkist\u00e4 elementeist\u00e4 kohti jotain el\u00e4m\u00e4\u00e4 suurempaa [&hellip;]<\/p>\n                                <a title=\"Mozart Mozart\" class=\"read-more\" href=\"https:\/\/iichelsinki.esteri.it\/fi\/gli_eventi\/calendario\/mozart-mozart\/\">\n                                    <span class=\"text\">Lue lis\u00e4\u00e4<\/span>\n                                    <svg class=\"icon\">\n                                    <use xlink:href=\"https:\/\/iichelsinki.esteri.it\/wp-content\/themes\/sedi-tema\/assets\/svg\/sprites.svg#it-arrow-right\"><\/use>\n                                    <\/svg>\n                                <\/a>\n                                                        <\/div>\n                                                    <\/div>\n                    <\/div>\n                <\/div>\n                <!--end card-->\n                <\/div><!-- col-12 .mt-3-->\n            \n            <div class=\"col-md-12 mt-4 pb-4\">\n                <nav class=\"navigation col-md-12\" aria-label=\"Navigation\">\n                    <h2 class=\"screen-reader-text visually-hidden\">Pagination<\/h2>\n                    <div class=\"nav-links\">\n                                        <\/div>\n                <\/nav>\n            <\/div>   <!--.col-md-12 -->\n              <\/div><!--.row -->\n              \n","protected":false},"excerpt":{"rendered":"","protected":false},"author":1,"featured_media":0,"parent":114,"menu_order":0,"comment_status":"closed","ping_status":"closed","template":"","meta":{"footnotes":""},"class_list":["post-115","page","type-page","status-publish","hentry"],"_links":{"self":[{"href":"https:\/\/iichelsinki.esteri.it\/fi\/wp-json\/wp\/v2\/pages\/115","targetHints":{"allow":["GET"]}}],"collection":[{"href":"https:\/\/iichelsinki.esteri.it\/fi\/wp-json\/wp\/v2\/pages"}],"about":[{"href":"https:\/\/iichelsinki.esteri.it\/fi\/wp-json\/wp\/v2\/types\/page"}],"author":[{"embeddable":true,"href":"https:\/\/iichelsinki.esteri.it\/fi\/wp-json\/wp\/v2\/users\/1"}],"replies":[{"embeddable":true,"href":"https:\/\/iichelsinki.esteri.it\/fi\/wp-json\/wp\/v2\/comments?post=115"}],"version-history":[{"count":2,"href":"https:\/\/iichelsinki.esteri.it\/fi\/wp-json\/wp\/v2\/pages\/115\/revisions"}],"predecessor-version":[{"id":4368,"href":"https:\/\/iichelsinki.esteri.it\/fi\/wp-json\/wp\/v2\/pages\/115\/revisions\/4368"}],"up":[{"embeddable":true,"href":"https:\/\/iichelsinki.esteri.it\/fi\/wp-json\/wp\/v2\/pages\/114"}],"wp:attachment":[{"href":"https:\/\/iichelsinki.esteri.it\/fi\/wp-json\/wp\/v2\/media?parent=115"}],"curies":[{"name":"wp","href":"https:\/\/api.w.org\/{rel}","templated":true}]}}