{"id":114,"date":"2023-04-03T20:31:30","date_gmt":"2023-04-03T18:31:30","guid":{"rendered":"https:\/\/iichelsinki.esteri.it\/gli_eventi\/"},"modified":"2023-08-07T09:49:33","modified_gmt":"2023-08-07T07:49:33","slug":"gli_eventi","status":"publish","type":"page","link":"https:\/\/iichelsinki.esteri.it\/fi\/gli_eventi\/","title":{"rendered":"Tapahtumat"},"content":{"rendered":"        <div class=\"row\">\n\t\t\t<!-- Ricerca sedi post -->\n\t\t\t<div class=\"col-12 mt-4\">\n\t\t\t  <div class=\"callout callout-highlight note ricerca-esteri p-4\">\n                    <div class=\"callout-title\">\n                        <svg class=\"icon\">\n                            <use xlink:href=\"https:\/\/iichelsinki.esteri.it\/wp-content\/themes\/sedi-tema\/assets\/svg\/sprites.svg#it-search\"><\/use>\n                        <\/svg>Sy\u00f6t\u00e4 hakuparametrisi                    <\/div>\n                    <form id=\"searchFormPost\" name=\"form-search-post\" class=\"form-row align-items-center\" action=\"https:\/\/iichelsinki.esteri.it\/fi\/wp-json\/wp\/v2\/pages\/114\/\" method=\"GET\"> \n                        <!-- <div class=\"form-group pt-5\"> -->\n                            <!-- <input type=\"hidden\" id=\"lang\" name=\"lang\" value=\"\"> --> <!-- <\/div> -->\n\n                        <div class=\"it-datepicker-wrapper\">\n                            <div class=\"row\">\n                                <div class=\"form-group col-md-6\">\n                                    <label class=\"active\" for=\"date-init\">Alkaen<\/label>\n                                    <input class=\"form-control\" name=\"date-init\" id=\"date-init\" type=\"date\" placeholder=\"gg\/mm\/aaaa\" value=\"\"lang=\"en-EN\">  \n                                <\/div>\n                                <div class=\"form-group col-md-6\">\n                                    <label class=\"active\" for=\"date-end\">P\u00e4\u00e4ttyen<\/label>\n                                    <input class=\"form-control\" name=\"date-end\" id=\"date-end\" type=\"date\" placeholder=\"gg\/mm\/aaaa\" value=\"\">\n                                <\/div>\n                            <\/div>\n                        <\/div>\n                        <div class=\"form-group col-md-12 mt-3\">\n                            <label for=\"searchText\">Vapaasanahaku<\/label>\n                            <input type=\"text\" name=\"searchText\" class=\"form-control\" id=\"searchText\" value=\"\">\n                        <\/div>\n                        <div class=\"form-group col-md-4 offset-md-8 text-end\">\n                            <a href=\"https:\/\/iichelsinki.esteri.it\/fi\/gli_eventi\/\" title=\"Form reset\" id=\"resetImput\" class=\"btn btn-outline-primary btn-xs\">Reset<\/a>\n                            <button type=\"submit\" class=\"btn btn-primary btn-xs\">Hae<\/button>\n                        <\/div>\n                    <\/form>\n\t\t\t\t<\/div>\n\t\t\t<\/div>\n\t\t<\/div>\n                    \n            <div class=\"row\">\n                            <div class=\"col-12 mt-3\">\n                <!--start card-->\n                <div class=\"card-wrapper card-space\">\n                    <div class=\"card card-bg card-big border-bottom-card\">\n                        <div class=\"card-body row\">\n                                                    <div class=\"col-sm-3\">\n                                <div class=\"img-responsive\">\n                                    <figure class=\"img-wrapper\">\n                                        <a href=\"https:\/\/iichelsinki.esteri.it\/fi\/gli_eventi\/calendario\/reading-together-leggiamo-insieme-oodin-kirjastossa\/\" title=\"Lue artikkeli: Reading together! Leggiamo insieme! Oodin kirjastossa\">\n                                                                                            <img loading=\"lazy\" decoding=\"async\" width=\"240\" height=\"300\" src=\"https:\/\/iichelsinki.esteri.it\/wp-content\/uploads\/2026\/03\/ITALIAN-1-240x300.png\" srcset=\"https:\/\/iichelsinki.esteri.it\/wp-content\/uploads\/2026\/03\/ITALIAN-1.png 1080w, https:\/\/iichelsinki.esteri.it\/wp-content\/uploads\/2026\/03\/ITALIAN-1-240x300.png 240w, https:\/\/iichelsinki.esteri.it\/wp-content\/uploads\/2026\/03\/ITALIAN-1-819x1024.png 819w, https:\/\/iichelsinki.esteri.it\/wp-content\/uploads\/2026\/03\/ITALIAN-1-768x960.png 768w\" sizes=\"auto, (max-width: 1080px) 100vw, 1080px\"  title=\"ITALIAN (1)\" alt=\"\" class=\"img-fluid\">\n                                                                                    <\/a>\n                                    <\/figure>\n                                <\/div>\n                            <\/div>\n                            <div class=\"col-sm-9\">\n                                                            <div class=\"category-top\">\n                                    <span class=\"fw-bold \"><\/span>                                                                        <span class=\"\">\n                                        <svg class=\"icon icon-secondary\">\n                                            <use xlink:href=\"https:\/\/iichelsinki.esteri.it\/wp-content\/themes\/sedi-tema\/assets\/svg\/sprites.svg#it-calendar\"><\/use>\n                                        <\/svg> Sat Apr 11 2026<svg class=\"icon icon-xs icon-secondary me-1 ms-1\"><use href=\"https:\/\/iichelsinki.esteri.it\/wp-content\/themes\/sedi-tema\/assets\/svg\/sprites.svg#it-arrow-right\"><\/use><\/svg>Sat Apr 11 2026                                    <\/span>\n                                                                    <\/div>\n                            <h5 class=\"card-title big-heading text-uppercase\"><a class=\"text-body text-decoration-none\" href=\"https:\/\/iichelsinki.esteri.it\/fi\/gli_eventi\/calendario\/reading-together-leggiamo-insieme-oodin-kirjastossa\/\" title=\"Reading together! Leggiamo insieme! Oodin kirjastossa\">Reading together! Leggiamo insieme! Oodin kirjastossa<\/a><\/h5>\n                            <p class=\"card-text\">T\u00e4n\u00e4kin vuonna lauantaina 11. huhtikuuta 2026 (klo. 13-18) Oodin kirjaston kolmannessa kerroksessa pidet\u00e4\u00e4n kansainv\u00e4lisen lastenkirjap\u00e4iv\u00e4n kunniaksi tilaisuus &#8220;Reading Together!&#8221;. L\u00e4mpim\u00e4sti tervetuloa t\u00e4h\u00e4n mukavaan tapahtumaan! Tilaisuudessa luetaan satuja 14 eri kielill\u00e4, lis\u00e4ksi on ty\u00f6pajoja ja konsertteja sek\u00e4 lapsille ett\u00e4 perheille! Kolmannen kerroksen p\u00e4\u00e4lavalla\u00a0pidet\u00e4\u00e4n italiankielinen lukuhetki klo 14-15. Lukuhetkess\u00e4 kasvattaja ja kieli- ja kirjallisuusasiantuntija Tania Carluccio lukee [&hellip;]<\/p>\n                                <a title=\"Reading together! Leggiamo insieme! Oodin kirjastossa\" class=\"read-more\" href=\"https:\/\/iichelsinki.esteri.it\/fi\/gli_eventi\/calendario\/reading-together-leggiamo-insieme-oodin-kirjastossa\/\">\n                                    <span class=\"text\">Lue lis\u00e4\u00e4<\/span>\n                                    <svg class=\"icon\">\n                                    <use xlink:href=\"https:\/\/iichelsinki.esteri.it\/wp-content\/themes\/sedi-tema\/assets\/svg\/sprites.svg#it-arrow-right\"><\/use>\n                                    <\/svg>\n                                <\/a>\n                                                        <\/div>\n                                                    <\/div>\n                    <\/div>\n                <\/div>\n                <!--end card-->\n                <\/div><!-- col-12 .mt-3-->\n                            <div class=\"col-12 mt-3\">\n                <!--start card-->\n                <div class=\"card-wrapper card-space\">\n                    <div class=\"card card-bg card-big border-bottom-card\">\n                        <div class=\"card-body row\">\n                                                    <div class=\"col-sm-3\">\n                                <div class=\"img-responsive\">\n                                    <figure class=\"img-wrapper\">\n                                        <a href=\"https:\/\/iichelsinki.esteri.it\/fi\/gli_eventi\/calendario\/kaikuja-rajojen-yli-acerbin-ja-crusellin-musiikki\/\" title=\"Lue artikkeli: KAIKUJA RAJOJEN YLI: ACERBIN JA CRUSELLIN MUSIIKKI\">\n                                                                                            <img loading=\"lazy\" decoding=\"async\" width=\"212\" height=\"300\" src=\"https:\/\/iichelsinki.esteri.it\/wp-content\/uploads\/2026\/03\/Echi-Oltre-i-Confini-Locandina-FIN-1-212x300.jpg\" srcset=\"https:\/\/iichelsinki.esteri.it\/wp-content\/uploads\/2026\/03\/Echi-Oltre-i-Confini-Locandina-FIN-1.jpg 1587w, https:\/\/iichelsinki.esteri.it\/wp-content\/uploads\/2026\/03\/Echi-Oltre-i-Confini-Locandina-FIN-1-212x300.jpg 212w, https:\/\/iichelsinki.esteri.it\/wp-content\/uploads\/2026\/03\/Echi-Oltre-i-Confini-Locandina-FIN-1-724x1024.jpg 724w, https:\/\/iichelsinki.esteri.it\/wp-content\/uploads\/2026\/03\/Echi-Oltre-i-Confini-Locandina-FIN-1-768x1086.jpg 768w\" sizes=\"auto, (max-width: 1587px) 100vw, 1587px\"  title=\"Echi Oltre i Confini &#8211; Locandina FIN\" alt=\"\" class=\"img-fluid\">\n                                                                                    <\/a>\n                                    <\/figure>\n                                <\/div>\n                            <\/div>\n                            <div class=\"col-sm-9\">\n                                                            <div class=\"category-top\">\n                                    <span class=\"fw-bold \"><\/span>                                                                        <span class=\"\">\n                                        <svg class=\"icon icon-secondary\">\n                                            <use xlink:href=\"https:\/\/iichelsinki.esteri.it\/wp-content\/themes\/sedi-tema\/assets\/svg\/sprites.svg#it-calendar\"><\/use>\n                                        <\/svg> Wed Apr 22 2026<svg class=\"icon icon-xs icon-secondary me-1 ms-1\"><use href=\"https:\/\/iichelsinki.esteri.it\/wp-content\/themes\/sedi-tema\/assets\/svg\/sprites.svg#it-arrow-right\"><\/use><\/svg>Wed Apr 22 2026                                    <\/span>\n                                                                    <\/div>\n                            <h5 class=\"card-title big-heading text-uppercase\"><a class=\"text-body text-decoration-none\" href=\"https:\/\/iichelsinki.esteri.it\/fi\/gli_eventi\/calendario\/kaikuja-rajojen-yli-acerbin-ja-crusellin-musiikki\/\" title=\"KAIKUJA RAJOJEN YLI: ACERBIN JA CRUSELLIN MUSIIKKI\">KAIKUJA RAJOJEN YLI: ACERBIN JA CRUSELLIN MUSIIKKI<\/a><\/h5>\n                            <p class=\"card-text\">Konserttiluento Kaikuja rajojen yli keskittyy Giuseppe Acerbin uraan klarinetistina ja h\u00e4nen yhteyksiins\u00e4 suomalaiseen s\u00e4velt\u00e4j\u00e4\u00e4n ja klarinetistiin Bernhard Cruselliin, joka on my\u00f6s yksi Suomen merkitt\u00e4vimmist\u00e4 s\u00e4velt\u00e4jist\u00e4 Sibeliuksen ohella. T\u00e4m\u00e4 projekti yhdist\u00e4\u00e4 konsertin ja luennon, joissa tutustutaan Giuseppe Acerbin (1773\u20131846) el\u00e4m\u00e4\u00e4n ja musiikkiin. Acerbi oli italialainen matkailija, kirjailija, harrastelijas\u00e4velt\u00e4j\u00e4 ja klarinetisti, joka asui Pohjois-Suomessa 1800-luvun alussa. Oleskelunsa [&hellip;]<\/p>\n                                <a title=\"KAIKUJA RAJOJEN YLI: ACERBIN JA CRUSELLIN MUSIIKKI\" class=\"read-more\" href=\"https:\/\/iichelsinki.esteri.it\/fi\/gli_eventi\/calendario\/kaikuja-rajojen-yli-acerbin-ja-crusellin-musiikki\/\">\n                                    <span class=\"text\">Lue lis\u00e4\u00e4<\/span>\n                                    <svg class=\"icon\">\n                                    <use xlink:href=\"https:\/\/iichelsinki.esteri.it\/wp-content\/themes\/sedi-tema\/assets\/svg\/sprites.svg#it-arrow-right\"><\/use>\n                                    <\/svg>\n                                <\/a>\n                                                        <\/div>\n                                                    <\/div>\n                    <\/div>\n                <\/div>\n                <!--end card-->\n                <\/div><!-- col-12 .mt-3-->\n            \n            <div class=\"col-md-12 mt-4 pb-4\">\n                <nav class=\"navigation col-md-12\" aria-label=\"Navigation\">\n                    <h2 class=\"screen-reader-text visually-hidden\">Pagination<\/h2>\n                    <div class=\"nav-links\">\n                                        <\/div>\n                <\/nav>\n            <\/div>   <!--.col-md-12 -->\n              <\/div><!--.row -->\n              \n","protected":false},"excerpt":{"rendered":"","protected":false},"author":1,"featured_media":0,"parent":0,"menu_order":6,"comment_status":"closed","ping_status":"closed","template":"","meta":{"footnotes":""},"class_list":["post-114","page","type-page","status-publish","hentry"],"_links":{"self":[{"href":"https:\/\/iichelsinki.esteri.it\/fi\/wp-json\/wp\/v2\/pages\/114","targetHints":{"allow":["GET"]}}],"collection":[{"href":"https:\/\/iichelsinki.esteri.it\/fi\/wp-json\/wp\/v2\/pages"}],"about":[{"href":"https:\/\/iichelsinki.esteri.it\/fi\/wp-json\/wp\/v2\/types\/page"}],"author":[{"embeddable":true,"href":"https:\/\/iichelsinki.esteri.it\/fi\/wp-json\/wp\/v2\/users\/1"}],"replies":[{"embeddable":true,"href":"https:\/\/iichelsinki.esteri.it\/fi\/wp-json\/wp\/v2\/comments?post=114"}],"version-history":[{"count":1,"href":"https:\/\/iichelsinki.esteri.it\/fi\/wp-json\/wp\/v2\/pages\/114\/revisions"}],"predecessor-version":[{"id":122,"href":"https:\/\/iichelsinki.esteri.it\/fi\/wp-json\/wp\/v2\/pages\/114\/revisions\/122"}],"wp:attachment":[{"href":"https:\/\/iichelsinki.esteri.it\/fi\/wp-json\/wp\/v2\/media?parent=114"}],"curies":[{"name":"wp","href":"https:\/\/api.w.org\/{rel}","templated":true}]}}