{"id":113,"date":"2023-04-03T20:57:00","date_gmt":"2023-04-03T17:57:00","guid":{"rendered":"https:\/\/iichelsinki.esteri.it\/lingua-e-cultura\/premi-alla-traduzione\/"},"modified":"2023-09-08T12:24:34","modified_gmt":"2023-09-08T09:24:34","slug":"premi-alla-traduzione","status":"publish","type":"page","link":"https:\/\/iichelsinki.esteri.it\/fi\/lingua-e-cultura\/premi-alla-traduzione\/","title":{"rendered":"K\u00e4\u00e4nn\u00f6spalkinnot"},"content":{"rendered":"<p>Tarkoituksenaan tukea italialaisten kirjojen mahdollisimman laajaa levikki\u00e4 ulkoministeri\u00f6 tarjoaa palkintoja ja avustuksia italialaisten kaunokirjallisten ja tieteellisten teosten k\u00e4\u00e4nt\u00e4mist\u00e4 varten. Tuen piiriin kuuluvat my\u00f6s lyhyt- ja kokoillan elokuvien sek\u00e4 tiedotusv\u00e4lineille tarkoitettujen televisiosarjojen j\u00e4lki\u00e4\u00e4nitys ja tekstitys.<\/p>\n<p>Aloitteen tavoitteet ja kaikki sit\u00e4 s\u00e4\u00e4telev\u00e4t normit ja ohjeet ovat luettavissa\u00a0<a href=\"https:\/\/www.esteri.it\/en\/diplomazia-culturale-e-diplomazia-scientifica\/cultura\/sostegno-alleditoria\/promozionelibroitaliano\/\">ulkoministeri\u00f6n tiedotteesta<\/a>.<\/p>\n","protected":false},"excerpt":{"rendered":"Tarkoituksenaan tukea italialaisten kirjojen mahdollisimman laajaa levikki\u00e4 ulkoministeri\u00f6 tarjoaa palkintoja ja avustuksia italialaisten kaunokirjallisten ja tieteellisten teosten k\u00e4\u00e4nt\u00e4mist\u00e4 varten. Tuen piiriin kuuluvat my\u00f6s lyhyt- ja kokoillan elokuvien sek\u00e4 tiedotusv\u00e4lineille tarkoitettujen televisiosarjojen j\u00e4lki\u00e4\u00e4nitys ja tekstitys. Aloitteen tavoitteet ja kaikki sit\u00e4 s\u00e4\u00e4telev\u00e4t normit ja ohjeet ovat luettavissa\u00a0ulkoministeri\u00f6n tiedotteesta.","protected":false},"author":1,"featured_media":0,"parent":98,"menu_order":12,"comment_status":"closed","ping_status":"closed","template":"","meta":{"footnotes":""},"class_list":["post-113","page","type-page","status-publish","hentry"],"_links":{"self":[{"href":"https:\/\/iichelsinki.esteri.it\/fi\/wp-json\/wp\/v2\/pages\/113","targetHints":{"allow":["GET"]}}],"collection":[{"href":"https:\/\/iichelsinki.esteri.it\/fi\/wp-json\/wp\/v2\/pages"}],"about":[{"href":"https:\/\/iichelsinki.esteri.it\/fi\/wp-json\/wp\/v2\/types\/page"}],"author":[{"embeddable":true,"href":"https:\/\/iichelsinki.esteri.it\/fi\/wp-json\/wp\/v2\/users\/1"}],"replies":[{"embeddable":true,"href":"https:\/\/iichelsinki.esteri.it\/fi\/wp-json\/wp\/v2\/comments?post=113"}],"version-history":[{"count":2,"href":"https:\/\/iichelsinki.esteri.it\/fi\/wp-json\/wp\/v2\/pages\/113\/revisions"}],"predecessor-version":[{"id":234,"href":"https:\/\/iichelsinki.esteri.it\/fi\/wp-json\/wp\/v2\/pages\/113\/revisions\/234"}],"up":[{"embeddable":true,"href":"https:\/\/iichelsinki.esteri.it\/fi\/wp-json\/wp\/v2\/pages\/98"}],"wp:attachment":[{"href":"https:\/\/iichelsinki.esteri.it\/fi\/wp-json\/wp\/v2\/media?parent=113"}],"curies":[{"name":"wp","href":"https:\/\/api.w.org\/{rel}","templated":true}]}}