{"id":112,"date":"2023-04-03T20:56:47","date_gmt":"2023-04-03T17:56:47","guid":{"rendered":"https:\/\/iichelsinki.esteri.it\/lingua-e-cultura\/biblioteca\/"},"modified":"2024-10-07T09:20:23","modified_gmt":"2024-10-07T06:20:23","slug":"biblioteca","status":"publish","type":"page","link":"https:\/\/iichelsinki.esteri.it\/fi\/lingua-e-cultura\/biblioteca\/","title":{"rendered":"Kirjasto"},"content":{"rendered":"<p><strong>KIRJASTO<\/strong><\/p>\n<p>Vuorimiehenkatu 11 B, 00140 Helsinki<\/p>\n<p>puh. 09 \u2013 6811 330<br \/>\nsegreteria.iichelsinki@esteri.it<\/p>\n<p><strong>Aukioloajat<br \/>\n<\/strong>Kirjoita osoitteeseen segr.iichelsinki@esteri.it sopiaksesi tapaamisesta<\/p>\n<p><a href=\"https:\/\/iichelsinki.esteri.it\/iic_helsinki\/resource\/resource\/2019\/05\/regolamento_2019_suomeksi.pdf\">K\u00c4YTT\u00d6EHDOT<\/a><\/p>\n<p>Italian kulttuuri-instituutin\u00a0<span class=\"titoloRosso\">kirjastossa<\/span>\u00a0on yli 10 000 teosta. Italialaisen kirjallisuuden piiriin kuuluu lukuisia klassikkoja, antologioita ja esseekokoelmia, ja my\u00f6s taidehistoriaa, elokuvaa, valtio- ja oikeustiedett\u00e4, filosofiaa ja kielitiedett\u00e4 k\u00e4sittelevien teosten sek\u00e4 sana- ja tietosanakirjojen valikoima on runsas.<br \/>\nKirjastoon kuuluu my\u00f6s laaja valikoima italialaisia elokuvia ja dokumentteja VHS- ja DVD-muodossa, sek\u00e4 diakuvia.<br \/>\nKirjastoa p\u00e4ivitet\u00e4\u00e4n jatkuvasti hankkimalla uusimpia markkinoille ilmestyvi\u00e4 teoksia. My\u00f6s Italian ulkoasian- ja kansainv\u00e4lisen yhteisty\u00f6n ministeri\u00f6 t\u00e4ydent\u00e4\u00e4 valikoimaa, samoin kustantamot ja yksityishenkil\u00f6t lahjoituksillaan.<\/p>\n<p>Kirjaluetteloon voi tutustua verkossa:<\/p>\n<p><span class=\"titoloPagina\"><a href=\"https:\/\/iic.infoteca.it\/helsinki\/search\/simple\" target=\"_blank\" rel=\"noopener\"><strong>ONLINE PUBLIC ACCESS CATALOGUE<\/strong><\/a><\/span><\/p>\n<p>&nbsp;<\/p>\n<p><strong>Lehdet<\/strong><\/p>\n<p>Kirjaston lehtisalissa on lukuisia italian-, suomen- ja englanninkielisi\u00e4 lehti\u00e4, joita voi vapaasti lukea. Lis\u00e4tietoja varten ota yhteytt\u00e4 Italian kulttuuri-instituutin toimistoon sen aukioloaikana.<\/p>\n","protected":false},"excerpt":{"rendered":"KIRJASTO Vuorimiehenkatu 11 B, 00140 Helsinki puh. 09 \u2013 6811 330 segreteria.iichelsinki@esteri.it Aukioloajat Kirjoita osoitteeseen segr.iichelsinki@esteri.it sopiaksesi tapaamisesta K\u00c4YTT\u00d6EHDOT Italian kulttuuri-instituutin\u00a0kirjastossa\u00a0on yli 10 000 teosta. Italialaisen kirjallisuuden piiriin kuuluu lukuisia klassikkoja, antologioita ja esseekokoelmia, ja my\u00f6s taidehistoriaa, elokuvaa, valtio- ja oikeustiedett\u00e4, filosofiaa ja kielitiedett\u00e4 k\u00e4sittelevien teosten sek\u00e4 sana- ja tietosanakirjojen valikoima on runsas. Kirjastoon kuuluu [&hellip;]","protected":false},"author":1,"featured_media":0,"parent":98,"menu_order":10,"comment_status":"closed","ping_status":"closed","template":"","meta":{"footnotes":""},"class_list":["post-112","page","type-page","status-publish","hentry"],"_links":{"self":[{"href":"https:\/\/iichelsinki.esteri.it\/fi\/wp-json\/wp\/v2\/pages\/112","targetHints":{"allow":["GET"]}}],"collection":[{"href":"https:\/\/iichelsinki.esteri.it\/fi\/wp-json\/wp\/v2\/pages"}],"about":[{"href":"https:\/\/iichelsinki.esteri.it\/fi\/wp-json\/wp\/v2\/types\/page"}],"author":[{"embeddable":true,"href":"https:\/\/iichelsinki.esteri.it\/fi\/wp-json\/wp\/v2\/users\/1"}],"replies":[{"embeddable":true,"href":"https:\/\/iichelsinki.esteri.it\/fi\/wp-json\/wp\/v2\/comments?post=112"}],"version-history":[{"count":5,"href":"https:\/\/iichelsinki.esteri.it\/fi\/wp-json\/wp\/v2\/pages\/112\/revisions"}],"predecessor-version":[{"id":4168,"href":"https:\/\/iichelsinki.esteri.it\/fi\/wp-json\/wp\/v2\/pages\/112\/revisions\/4168"}],"up":[{"embeddable":true,"href":"https:\/\/iichelsinki.esteri.it\/fi\/wp-json\/wp\/v2\/pages\/98"}],"wp:attachment":[{"href":"https:\/\/iichelsinki.esteri.it\/fi\/wp-json\/wp\/v2\/media?parent=112"}],"curies":[{"name":"wp","href":"https:\/\/api.w.org\/{rel}","templated":true}]}}