{"id":102,"date":"2023-04-03T20:56:23","date_gmt":"2023-04-03T17:56:23","guid":{"rendered":"https:\/\/iichelsinki.esteri.it\/lingua-e-cultura\/studiare-in-italia\/"},"modified":"2023-09-08T13:58:01","modified_gmt":"2023-09-08T10:58:01","slug":"studiare-in-italia","status":"publish","type":"page","link":"https:\/\/iichelsinki.esteri.it\/fi\/lingua-e-cultura\/studiare-in-italia\/","title":{"rendered":"Opiskelu Italiassa"},"content":{"rendered":"<p><strong>YLIOPISTOT<\/strong><\/p>\n<p>Yleiset tiedot Italian yliopistojen organisaatiosta ja toiminnasta l\u00f6ytyy <a href=\"https:\/\/www.miur.gov.it\/\">opetusministeri\u00f6n (MIUR) verkkosivuilta<\/a> ja <a href=\"https:\/\/www.universitaly.it\/\">Universitaly-sivustolta<\/a>.<\/p>\n<p>&nbsp;<\/p>\n<p><strong>Luettelot italialaisista yliopistoista<\/strong><\/p>\n<p><a href=\"https:\/\/www.miur.gov.it\/web\/guest\/istituzioni-universitarie-accreditate\">Opetusministeri\u00f6<\/a><\/p>\n<p><a href=\"https:\/\/www.crui.it\/\">CRUI<\/a> (Italian yliopistojen rehtorien konferenssi)<\/p>\n<p>&nbsp;<\/p>\n<p><strong>Ulkomaalaisten opiskelijoiden ilmoittautuminen<\/strong><\/p>\n<p>&nbsp;<\/p>\n<p><a href=\"https:\/\/www.miur.gov.it\/web\/guest\/universita\">Yleiset tiedot<\/a> ulkomaalaisille opiskelijoille, jotka ovat kiinnostuneita opiskelusta italialaisissa yliopistoissa<\/p>\n<p>&nbsp;<\/p>\n<p><strong>KOULUT<\/strong><\/p>\n<p><a href=\"https:\/\/www.miur.gov.it\/web\/guest\/scuola\">Yleiset tiedot<\/a> Italian kouluj\u00e4rjestelm\u00e4st\u00e4<\/p>\n<p>&nbsp;<\/p>\n<p><strong>KORKEA-ASTEEN TAIDE- JA MUSIIKKIKOULUTUS<\/strong><\/p>\n<p><a href=\"http:\/\/www.miur.it\/0004Alta_F\/0027Istitu\/index_cf4.htm\">Luettelo<\/a> taide- ja musiikkialan akatemioista, konservatorioista ja korkeakouluista<\/p>\n<p>&nbsp;<\/p>\n<p><strong>ITALIAN KIELEN VIERAANA KIELEN\u00c4 OPETTAJAKSI<\/strong><\/p>\n<p><a href=\"https:\/\/www.itals.it\/\">ITALS<\/a>-hanke &#8211; Venetsian Ca&#8217; Foscarin yliopiston kielitieteiden laitos<\/p>\n<p><a href=\"https:\/\/ditals.unistrasi.it\/home.asp\">DITALS<\/a> &#8211; Italian kielen opettamisen p\u00e4tevyyden sertifiointi ulkomaalaisille &#8211; Sienan Universit\u00e0 per Stranieri<\/p>\n<p><a href=\"https:\/\/www.unistrapg.it\/it\/studiare-in-un-ateneo-internazionale\/corsi-di-laurea-e-laurea-magistrale\/italiano-per-l-insegnamento-a-stranieri-itas\">ITAS &#8211; Maisteritutkinto italian kielen ja kulttuurin opettamisesta ulkomaalaisille<\/a> &#8211; Perugian Universit\u00e0 per Stranieri<\/p>\n<p>&nbsp;<\/p>\n","protected":false},"excerpt":{"rendered":"YLIOPISTOT Yleiset tiedot Italian yliopistojen organisaatiosta ja toiminnasta l\u00f6ytyy opetusministeri\u00f6n (MIUR) verkkosivuilta ja Universitaly-sivustolta. &nbsp; Luettelot italialaisista yliopistoista Opetusministeri\u00f6 CRUI (Italian yliopistojen rehtorien konferenssi) &nbsp; Ulkomaalaisten opiskelijoiden ilmoittautuminen &nbsp; Yleiset tiedot ulkomaalaisille opiskelijoille, jotka ovat kiinnostuneita opiskelusta italialaisissa yliopistoissa &nbsp; KOULUT Yleiset tiedot Italian kouluj\u00e4rjestelm\u00e4st\u00e4 &nbsp; KORKEA-ASTEEN TAIDE- JA MUSIIKKIKOULUTUS Luettelo taide- ja musiikkialan akatemioista, [&hellip;]","protected":false},"author":1,"featured_media":0,"parent":98,"menu_order":8,"comment_status":"closed","ping_status":"closed","template":"","meta":{"footnotes":""},"class_list":["post-102","page","type-page","status-publish","hentry"],"_links":{"self":[{"href":"https:\/\/iichelsinki.esteri.it\/fi\/wp-json\/wp\/v2\/pages\/102","targetHints":{"allow":["GET"]}}],"collection":[{"href":"https:\/\/iichelsinki.esteri.it\/fi\/wp-json\/wp\/v2\/pages"}],"about":[{"href":"https:\/\/iichelsinki.esteri.it\/fi\/wp-json\/wp\/v2\/types\/page"}],"author":[{"embeddable":true,"href":"https:\/\/iichelsinki.esteri.it\/fi\/wp-json\/wp\/v2\/users\/1"}],"replies":[{"embeddable":true,"href":"https:\/\/iichelsinki.esteri.it\/fi\/wp-json\/wp\/v2\/comments?post=102"}],"version-history":[{"count":6,"href":"https:\/\/iichelsinki.esteri.it\/fi\/wp-json\/wp\/v2\/pages\/102\/revisions"}],"predecessor-version":[{"id":257,"href":"https:\/\/iichelsinki.esteri.it\/fi\/wp-json\/wp\/v2\/pages\/102\/revisions\/257"}],"up":[{"embeddable":true,"href":"https:\/\/iichelsinki.esteri.it\/fi\/wp-json\/wp\/v2\/pages\/98"}],"wp:attachment":[{"href":"https:\/\/iichelsinki.esteri.it\/fi\/wp-json\/wp\/v2\/media?parent=102"}],"curies":[{"name":"wp","href":"https:\/\/api.w.org\/{rel}","templated":true}]}}