{"id":101,"date":"2023-04-03T20:56:11","date_gmt":"2023-04-03T17:56:11","guid":{"rendered":"https:\/\/iichelsinki.esteri.it\/lingua-e-cultura\/certificazioni\/"},"modified":"2025-08-22T11:37:27","modified_gmt":"2025-08-22T08:37:27","slug":"certificazioni","status":"publish","type":"page","link":"https:\/\/iichelsinki.esteri.it\/fi\/lingua-e-cultura\/certificazioni\/","title":{"rendered":"Sertifikaatit"},"content":{"rendered":"<div class=\"entry-content\">\n<h2>CILS-kielitutkinto<\/h2>\n<p>Voit nyt suorittaa CILS-tutkinnon Italian kulttuuri-instituutissa. CILS on virallinen kielitutkinto, jonka avulla osoitat italian kielen taitosi (italia vieraana kielen\u00e4).<\/p>\n<p>Ilmoittautumiset: segr.iichelsinki@esteri.it<\/p>\n<p>Lis\u00e4tietoja: <a href=\"https:\/\/cils.unistrasi.it\/1\/98\/Esami_CILS.htm\">https:\/\/cils.unistrasi.it\/1\/98\/Esami_CILS.htm<\/a><\/p>\n<p>Viralliset koep\u00e4iv\u00e4t: <a href=\"https:\/\/cils.unistrasi.it\/public\/articoli\/364\/Calendario%20esami%20CILS%202025.pdf\">https:\/\/cils.unistrasi.it\/public\/articoli\/364\/Calendario%20esami%20CILS%202025.pdf<\/a><\/p>\n<p>Seuraava koep\u00e4iv\u00e4: 4.12.2025 (ilmoittautumiset viimeist\u00e4\u00e4n 20.10.2025)<\/p>\n<p><strong>Tutkintomaksut<\/strong><\/p>\n<table>\n<tbody>\n<tr>\n<td colspan=\"2\" width=\"293\">Tutkintomaksu<\/td>\n<td width=\"198\"><span style=\"font-family: inherit; font-size: inherit;\">Yksitt\u00e4isen koeosion uusiminen*<\/span><\/td>\n<\/tr>\n<tr>\n<td width=\"236\">Tasot CILS A1\/A2<\/td>\n<td width=\"57\">50 \u20ac<\/td>\n<td width=\"198\">15 \u20ac<\/td>\n<\/tr>\n<tr>\n<td width=\"236\">Taso CILS UNO-B1<\/td>\n<td width=\"57\">100 \u20ac<\/td>\n<td width=\"198\">25 \u20ac<\/td>\n<\/tr>\n<tr>\n<td width=\"236\">Taso CILS DUE-B2<\/td>\n<td width=\"57\">110\u20ac<\/td>\n<td width=\"198\">27 \u20ac<\/td>\n<\/tr>\n<tr>\n<td width=\"236\">Taso CILS TRE-C1<\/td>\n<td width=\"57\">135 \u20ac<\/td>\n<td width=\"198\">35 \u20ac<\/td>\n<\/tr>\n<tr>\n<td width=\"236\">Taso CILS QUATTRO-C2<\/td>\n<td width=\"57\">160 \u20ac<\/td>\n<td width=\"198\">35 \u20ac<\/td>\n<\/tr>\n<\/tbody>\n<\/table>\n<p>*Mik\u00e4li kokelas ei l\u00e4p\u00e4ise kaikkia osa-alueita hyv\u00e4ksytysti, voi h\u00e4n uusia hyl\u00e4tyt koeosiot 18 kuukauden kuluessa.<\/p>\n<\/div>\n<footer class=\"entry-footer\"><\/footer>\n","protected":false},"excerpt":{"rendered":"CILS-kielitutkinto Voit nyt suorittaa CILS-tutkinnon Italian kulttuuri-instituutissa. CILS on virallinen kielitutkinto, jonka avulla osoitat italian kielen taitosi (italia vieraana kielen\u00e4). Ilmoittautumiset: segr.iichelsinki@esteri.it Lis\u00e4tietoja: https:\/\/cils.unistrasi.it\/1\/98\/Esami_CILS.htm Viralliset koep\u00e4iv\u00e4t: https:\/\/cils.unistrasi.it\/public\/articoli\/364\/Calendario%20esami%20CILS%202025.pdf Seuraava koep\u00e4iv\u00e4: 4.12.2025 (ilmoittautumiset viimeist\u00e4\u00e4n 20.10.2025) Tutkintomaksut Tutkintomaksu Yksitt\u00e4isen koeosion uusiminen* Tasot CILS A1\/A2 50 \u20ac 15 \u20ac Taso CILS UNO-B1 100 \u20ac 25 \u20ac Taso CILS DUE-B2 [&hellip;]","protected":false},"author":1,"featured_media":0,"parent":98,"menu_order":4,"comment_status":"closed","ping_status":"closed","template":"","meta":{"footnotes":""},"class_list":["post-101","page","type-page","status-publish","hentry"],"_links":{"self":[{"href":"https:\/\/iichelsinki.esteri.it\/fi\/wp-json\/wp\/v2\/pages\/101","targetHints":{"allow":["GET"]}}],"collection":[{"href":"https:\/\/iichelsinki.esteri.it\/fi\/wp-json\/wp\/v2\/pages"}],"about":[{"href":"https:\/\/iichelsinki.esteri.it\/fi\/wp-json\/wp\/v2\/types\/page"}],"author":[{"embeddable":true,"href":"https:\/\/iichelsinki.esteri.it\/fi\/wp-json\/wp\/v2\/users\/1"}],"replies":[{"embeddable":true,"href":"https:\/\/iichelsinki.esteri.it\/fi\/wp-json\/wp\/v2\/comments?post=101"}],"version-history":[{"count":6,"href":"https:\/\/iichelsinki.esteri.it\/fi\/wp-json\/wp\/v2\/pages\/101\/revisions"}],"predecessor-version":[{"id":5593,"href":"https:\/\/iichelsinki.esteri.it\/fi\/wp-json\/wp\/v2\/pages\/101\/revisions\/5593"}],"up":[{"embeddable":true,"href":"https:\/\/iichelsinki.esteri.it\/fi\/wp-json\/wp\/v2\/pages\/98"}],"wp:attachment":[{"href":"https:\/\/iichelsinki.esteri.it\/fi\/wp-json\/wp\/v2\/media?parent=101"}],"curies":[{"name":"wp","href":"https:\/\/api.w.org\/{rel}","templated":true}]}}