{"id":100,"date":"2023-04-03T20:55:55","date_gmt":"2023-04-03T17:55:55","guid":{"rendered":"https:\/\/iichelsinki.esteri.it\/lingua-e-cultura\/borse-di-studio\/"},"modified":"2023-09-08T12:06:43","modified_gmt":"2023-09-08T09:06:43","slug":"borse-di-studio","status":"publish","type":"page","link":"https:\/\/iichelsinki.esteri.it\/fi\/lingua-e-cultura\/borse-di-studio\/","title":{"rendered":"Apurahat"},"content":{"rendered":"<p>Italian kulttuuri-instituutin kautta on mahdollista hakea apurahoja italian kielen opiskelua varten Italiassa.<\/p>\n<p><strong>Yleist\u00e4<\/strong><\/p>\n<p>Useat italialaiset kielikoulut my\u00f6nt\u00e4v\u00e4t apurahoja kursseilleen. Apurahan suuruus vaihtelee kouluittain; osa apurahoista kattaa koko kurssimaksun ja toiset osan siit\u00e4.\u00a0Asiasta kiinnostuneet voivat pyyt\u00e4\u00e4\u00a0listan apurahoja my\u00f6nt\u00e4vist\u00e4\u00a0oppilaitoksista sek\u00e4 hakuohjeet osoitteella segreteria.iichelsinki(at)esteri.it.<\/p>\n<p><strong>Matka- ja oleskelukulut<\/strong><\/p>\n<p>Matka- ja oleskelukulut eiv\u00e4t sis\u00e4lly apurahaan. Koulut voivat pyydett\u00e4ess\u00e4 varata asunnon tai auttaa sen l\u00f6yt\u00e4misess\u00e4.<\/p>\n<p><strong>Yhteydet kielikouluun<\/strong><\/p>\n<p>Apurahan my\u00f6nt\u00e4misen j\u00e4lkeen opiskelija pit\u00e4\u00e4 itse yhteytt\u00e4 kouluun.<\/p>\n<p><strong>Hakemus<br \/>\n<\/strong><br \/>\nHakemus tulee esitt\u00e4\u00e4 60 p\u00e4iv\u00e4\u00e4 ennen kurssin alkua Italian kulttuuri-instituuttiin.<\/p>\n<p><strong>My\u00f6nt\u00e4misperusteet<\/strong><\/p>\n<p>Apurahan saantimahdollisuudet ovat hyv\u00e4t. Apurahoja my\u00f6nnett\u00e4ess\u00e4 ovat etusijalla instituutin omat kurssilaiset ja henkil\u00f6t, jotka eiv\u00e4t ole edellisen\u00e4 vuonna saaneet apurahaa.<\/p>\n<p><strong>P\u00e4\u00e4t\u00f6s<\/strong><\/p>\n<p>Hakija saa noin kahden viikon kuluessa tiedon apurahan my\u00f6nt\u00e4misest\u00e4.<\/p>\n<p><strong>Huomautuksia<br \/>\n<\/strong><br \/>\nItalian kulttuuri-instituutti ei voi vastata kielikoulun j\u00e4rjest\u00e4mien kurssien tasosta eik\u00e4 sen tarjoamien muiden palvelujen laadusta.<br \/>\nInstituutti pyyt\u00e4\u00e4 apurahan saaneilta palautetta kurssista ja apurahan tarjonneesta kielikoulusta.<\/p>\n","protected":false},"excerpt":{"rendered":"Italian kulttuuri-instituutin kautta on mahdollista hakea apurahoja italian kielen opiskelua varten Italiassa. Yleist\u00e4 Useat italialaiset kielikoulut my\u00f6nt\u00e4v\u00e4t apurahoja kursseilleen. Apurahan suuruus vaihtelee kouluittain; osa apurahoista kattaa koko kurssimaksun ja toiset osan siit\u00e4.\u00a0Asiasta kiinnostuneet voivat pyyt\u00e4\u00e4\u00a0listan apurahoja my\u00f6nt\u00e4vist\u00e4\u00a0oppilaitoksista sek\u00e4 hakuohjeet osoitteella segreteria.iichelsinki(at)esteri.it. Matka- ja oleskelukulut Matka- ja oleskelukulut eiv\u00e4t sis\u00e4lly apurahaan. Koulut voivat pyydett\u00e4ess\u00e4 varata asunnon [&hellip;]","protected":false},"author":1,"featured_media":0,"parent":98,"menu_order":2,"comment_status":"closed","ping_status":"closed","template":"","meta":{"footnotes":""},"class_list":["post-100","page","type-page","status-publish","hentry"],"_links":{"self":[{"href":"https:\/\/iichelsinki.esteri.it\/fi\/wp-json\/wp\/v2\/pages\/100","targetHints":{"allow":["GET"]}}],"collection":[{"href":"https:\/\/iichelsinki.esteri.it\/fi\/wp-json\/wp\/v2\/pages"}],"about":[{"href":"https:\/\/iichelsinki.esteri.it\/fi\/wp-json\/wp\/v2\/types\/page"}],"author":[{"embeddable":true,"href":"https:\/\/iichelsinki.esteri.it\/fi\/wp-json\/wp\/v2\/users\/1"}],"replies":[{"embeddable":true,"href":"https:\/\/iichelsinki.esteri.it\/fi\/wp-json\/wp\/v2\/comments?post=100"}],"version-history":[{"count":2,"href":"https:\/\/iichelsinki.esteri.it\/fi\/wp-json\/wp\/v2\/pages\/100\/revisions"}],"predecessor-version":[{"id":205,"href":"https:\/\/iichelsinki.esteri.it\/fi\/wp-json\/wp\/v2\/pages\/100\/revisions\/205"}],"up":[{"embeddable":true,"href":"https:\/\/iichelsinki.esteri.it\/fi\/wp-json\/wp\/v2\/pages\/98"}],"wp:attachment":[{"href":"https:\/\/iichelsinki.esteri.it\/fi\/wp-json\/wp\/v2\/media?parent=100"}],"curies":[{"name":"wp","href":"https:\/\/api.w.org\/{rel}","templated":true}]}}